{"id":662420,"date":"2022-04-01T14:03:43","date_gmt":"2022-04-01T13:03:43","guid":{"rendered":"https:\/\/pulse.microsoft.com\/?page_id=662420"},"modified":"2022-09-26T08:44:14","modified_gmt":"2022-09-26T07:44:14","slug":"microsoft-dynamics-hub-sverige","status":"publish","type":"page","link":"https:\/\/pulse.microsoft.com\/sv-se\/microsoft-dynamics-hub-sverige\/","title":{"rendered":"Dynamics Hub Sverige"},"content":{"rendered":"<p>Uppt\u00e4ck m\u00f6jligheterna med Dynamics och Power Platform.<\/p>\n<p>H\u00e4r samlar vi information och inspiration.<\/p>\n","protected":false},"excerpt":{"rendered":"<p>Uppt\u00e4ck m\u00f6jligheterna med Dynamics och Power Platform. H\u00e4r samlar vi information och inspiration.<\/p>\n","protected":false},"author":791,"featured_media":662423,"parent":0,"menu_order":0,"comment_status":"closed","ping_status":"closed","template":"campaign.php","meta":{"footnotes":""},"class_list":["post-662420","page","type-page","status-publish","has-post-thumbnail","hentry"],"_links":{"self":[{"href":"https:\/\/pulse.microsoft.com\/sv-se\/wp-json\/wp\/v2\/pages\/662420"}],"collection":[{"href":"https:\/\/pulse.microsoft.com\/sv-se\/wp-json\/wp\/v2\/pages"}],"about":[{"href":"https:\/\/pulse.microsoft.com\/sv-se\/wp-json\/wp\/v2\/types\/page"}],"author":[{"embeddable":true,"href":"https:\/\/pulse.microsoft.com\/sv-se\/wp-json\/wp\/v2\/users\/791"}],"replies":[{"embeddable":true,"href":"https:\/\/pulse.microsoft.com\/sv-se\/wp-json\/wp\/v2\/comments?post=662420"}],"version-history":[{"count":10,"href":"https:\/\/pulse.microsoft.com\/sv-se\/wp-json\/wp\/v2\/pages\/662420\/revisions"}],"predecessor-version":[{"id":735281,"href":"https:\/\/pulse.microsoft.com\/sv-se\/wp-json\/wp\/v2\/pages\/662420\/revisions\/735281"}],"wp:featuredmedia":[{"embeddable":true,"href":"https:\/\/pulse.microsoft.com\/sv-se\/wp-json\/wp\/v2\/media\/662423"}],"wp:attachment":[{"href":"https:\/\/pulse.microsoft.com\/sv-se\/wp-json\/wp\/v2\/media?parent=662420"}],"curies":[{"name":"wp","href":"https:\/\/api.w.org\/{rel}","templated":true}]}}