{"id":636945,"date":"2022-02-25T17:43:53","date_gmt":"2022-02-25T16:43:53","guid":{"rendered":"https:\/\/pulse.microsoft.com\/?page_id=636945"},"modified":"2022-09-07T13:56:05","modified_gmt":"2022-09-07T12:56:05","slug":"sofie-lindblom-framtiden-skapas-just-nu-inom-tech","status":"publish","type":"page","link":"https:\/\/pulse.microsoft.com\/sv-se\/sofie-lindblom-framtiden-skapas-just-nu-inom-tech\/","title":{"rendered":"Sofie Lindblom: \u201dFramtiden skapas just nu inom tech\u201d"},"content":{"rendered":"<p><strong>M\u00e5ngfalden i techbranschen \u00f6kar f\u00f6r l\u00e5ngsamt, och vi beh\u00f6ver skynda p\u00e5 den \u2013 av flera sk\u00e4l menar Sofie Lindblom, som uts\u00e5gs till <a href=\"https:\/\/pulse.microsoft.com\/sv-se\/skill-forward-sv-se\/na\/fa1-microsoft-arets-tech-tjej\/\">\u00c5rets tech-tjej<\/a> 2014. L\u00f6sningen? F\u00f6rebilder, och att sj\u00e4lv v\u00e5ga k\u00f6ra sitt eget race.<\/strong><\/p>\n<p>N\u00e4r Sofie Lindblom pluggade medieteknik i Link\u00f6ping var hon n\u00e4ra att hoppa av teknikutbildningen b\u00e5de en och tv\u00e5 g\u00e5nger.<\/p>\n<p><em>\u201dJag kunde inte identifiera mig med de som jag s\u00e5g inom branschen, och k\u00e4nde att varf\u00f6r ska jag l\u00e4gga fem \u00e5r och massor av blod, svett och t\u00e5rar p\u00e5 det h\u00e4r, n\u00e4r jag inte tror att jag kommer att passa in? Men s\u00e5 best\u00e4mde jag mig f\u00f6r att f\u00f6rs\u00f6ka g\u00f6ra det p\u00e5 mitt s\u00e4tt \u2013 och s\u00e5 fick det b\u00e4ra eller brista. I samma veva fick jag utm\u00e4rkelsen \u00c5rets tech-tjej av Microsoft, vilket var en j\u00e4tteboozt\u201d, ber\u00e4ttar hon.<\/em><\/p>\n<h2>Branschen m\u00e5ste reflektera samh\u00e4llet<\/h2>\n<p>S\u00e5, kan du vara en duktig ingenj\u00f6r och samtidigt tycka om mode, tr\u00e4ning och cocktails \u2013 snarare \u00e4n att sitta i ett garage och spela dataspel? G\u00e5r det att jobba mer kreativt \u00e4n tekniskt inom IT och tech? Ja, skulle det visa sig.<\/p>\n<p><em>\u201dJag har jobbat med produktutveckling och innovation p\u00e5 bolag som Spotify och Electrolux, och som entrepren\u00f6r. Jag \u00e4r j\u00e4tteglad i dag att jag tog beslutet att stanna kvar. Man f\u00e5r f\u00f6rs\u00f6ka vara den f\u00f6r\u00e4ndring man vill se, v\u00e5ga k\u00f6ra sitt eget race i arbetslivet f\u00f6r att dra sitt str\u00e5 till stacken \u2013 och \u00f6ppna d\u00f6rrar f\u00f6r andra. Jag hade inte varit d\u00e4r jag \u00e4r nu om inte andra hade \u00f6ppnat d\u00f6rrar f\u00f6r mig.\u201d<\/em><\/p>\n<p>Att \u00f6ka m\u00e5ngfalden i branschen \u00e4r n\u00e5got som Sofie brinner f\u00f6r, av flera anledningar.<\/p>\n<p><em>\u201dFramtiden skapas just nu inom tech, och det \u00e4r viktig b\u00e5de ur en etisk och aff\u00e4rsm\u00e4ssig aspekt att det som byggs \u00e4r en reflektion av samh\u00e4llet. \u00c4r det bara 30-\u00e5riga killar som sitter och kodar har de preferenser som g\u00f6r att tekniken speglar samh\u00e4llet snett. Vi har ett ansvar h\u00e4r\u201d, s\u00e4ger hon.<\/em><\/p>\n<h2>&#8221;If you can see it, you can be it&#8221;<\/h2>\n<p>L\u00f6sningen f\u00f6r att inspirera fler tjejer att v\u00e4lja techbranschen tror Sofie \u00e4r m\u00e5nga fler f\u00f6rebilder, p\u00e5 en bred front. Fr\u00e5n att det \u00e4r en kvinnlig utvecklare som eleverna m\u00f6ter p\u00e5 studiebes\u00f6ken till att det \u00e4r en kvinnlig chef p\u00e5 f\u00f6rsta jobbet.<\/p>\n<p><em>\u201dDet \u00e4r l\u00e4skigt att vara den enda av sin sort, att v\u00e5ga g\u00e5 mot str\u00f6mmen. Det tar ganska mycket energi och det \u00e4r m\u00e5nga som hoppar av. <\/em><em>Men: \u2018if you can see it you can be it\u2019. <\/em><em>Och den d\u00e4r myten om att kvinnor skulle ha vassa armb\u00e5gar och sl\u00e5 ner\u00e5t, den ska vi pysa h\u00e5l p\u00e5 och kompostera. I min v\u00e4rld st\u00e4mmer inte det alls.\u201d<\/em><\/p>\n<p>Nu \u00e4r Sofie produktchef p\u00e5 scaleup-bolaget SPCE. Hon vill g\u00e4rna se en f\u00f6r\u00e4ndring kring att s\u00e5 f\u00e5 bolag \u00e4gs av kvinnor, och att s\u00e5 f\u00e5 bolag grundade av kvinnor f\u00e5r riskkapital.<\/p>\n<p><em>\u201dMan blir helt matt n\u00e4r man tittar i aktieb\u00f6ckerna och ser hur det ser ut. Jag siktar p\u00e5 att kunna g\u00e5 in och investera och hj\u00e4lpa till att v\u00e4ga upp det h\u00e4r lite l\u00e4ngre fram.\u201d<\/em><\/p>\n<p>&nbsp;<\/p>\n<p><strong>FAKTA\/<\/strong><\/p>\n<p><strong>Namn:<\/strong> Sofie Lindbom.<\/p>\n<p><strong>Vann \u00e5r<\/strong>: 2014.<\/p>\n<p><strong>Jobbar som<\/strong>: Produktchef p\u00e5 SPCE, f\u00f6rel\u00e4sare.<\/p>\n<p><strong>Pluggade<\/strong>: Medieteknik vid Link\u00f6pings universitet.<\/p>\n<p><strong>Uppvuxen\/bor<\/strong>: Stockholm.<\/p>\n","protected":false},"excerpt":{"rendered":"<p>M\u00e5ngfalden i techbranschen \u00f6kar f\u00f6r l\u00e5ngsamt, och vi beh\u00f6ver skynda p\u00e5 den \u2013 av flera sk\u00e4l menar Sofie Lindblom, som uts\u00e5gs till \u00c5rets tech-tjej 2014. L\u00f6sningen? F\u00f6rebilder, och att sj\u00e4lv v\u00e5ga k\u00f6ra sitt eget race. N\u00e4r Sofie Lindblom pluggade medieteknik i Link\u00f6ping var hon n\u00e4ra att hoppa av teknikutbildningen b\u00e5de en och tv\u00e5 g\u00e5nger. \u201dJag [&hellip;]<\/p>\n","protected":false},"author":791,"featured_media":636951,"parent":0,"menu_order":0,"comment_status":"closed","ping_status":"closed","template":"","meta":{"footnotes":""},"class_list":["post-636945","page","type-page","status-publish","has-post-thumbnail","hentry"],"_links":{"self":[{"href":"https:\/\/pulse.microsoft.com\/sv-se\/wp-json\/wp\/v2\/pages\/636945"}],"collection":[{"href":"https:\/\/pulse.microsoft.com\/sv-se\/wp-json\/wp\/v2\/pages"}],"about":[{"href":"https:\/\/pulse.microsoft.com\/sv-se\/wp-json\/wp\/v2\/types\/page"}],"author":[{"embeddable":true,"href":"https:\/\/pulse.microsoft.com\/sv-se\/wp-json\/wp\/v2\/users\/791"}],"replies":[{"embeddable":true,"href":"https:\/\/pulse.microsoft.com\/sv-se\/wp-json\/wp\/v2\/comments?post=636945"}],"version-history":[{"count":2,"href":"https:\/\/pulse.microsoft.com\/sv-se\/wp-json\/wp\/v2\/pages\/636945\/revisions"}],"predecessor-version":[{"id":725876,"href":"https:\/\/pulse.microsoft.com\/sv-se\/wp-json\/wp\/v2\/pages\/636945\/revisions\/725876"}],"wp:featuredmedia":[{"embeddable":true,"href":"https:\/\/pulse.microsoft.com\/sv-se\/wp-json\/wp\/v2\/media\/636951"}],"wp:attachment":[{"href":"https:\/\/pulse.microsoft.com\/sv-se\/wp-json\/wp\/v2\/media?parent=636945"}],"curies":[{"name":"wp","href":"https:\/\/api.w.org\/{rel}","templated":true}]}}