{"id":636894,"date":"2022-02-25T17:17:38","date_gmt":"2022-02-25T16:17:38","guid":{"rendered":"https:\/\/pulse.microsoft.com\/?page_id=636894"},"modified":"2022-09-07T13:49:29","modified_gmt":"2022-09-07T12:49:29","slug":"sofie-borc-janeheim-det-ar-fantastiskt-att-jobba-med-tech-fler-borde-forsta-det","status":"publish","type":"page","link":"https:\/\/pulse.microsoft.com\/sv-se\/sofie-borc-janeheim-det-ar-fantastiskt-att-jobba-med-tech-fler-borde-forsta-det\/","title":{"rendered":"Sofie Borck Janeheim: \u201dDet \u00e4r fantastiskt att jobba med tech \u2013 fler borde f\u00f6rst\u00e5 det\u201d"},"content":{"rendered":"<p><strong>Det beh\u00f6vs kvinnliga f\u00f6rbilder i techbranschen, s\u00e5 att fler unga f\u00e5r upp \u00f6gonen f\u00f6r vad man kan jobba med kring tech, s\u00e4ger Sofie Borck Janeheim, <a href=\"https:\/\/pulse.microsoft.com\/sv-se\/skill-forward-sv-se\/na\/fa1-microsoft-arets-tech-tjej\/\">\u00c5rets tech-tjej<\/a> 2017. Hon talar utifr\u00e5n egna erfarenheter \u2013 det var n\u00e4ra att hon sj\u00e4lv blev bortskr\u00e4md.<\/strong><\/p>\n<p>Inf\u00f6r gymnasiet var Sofie Borck Janeheim nyfiken p\u00e5 tech, och gjorde studiebes\u00f6k p\u00e5 en programmeringslinje. Men n\u00e4r hon klev in i klassrummet var alla persienner nerdragna, och b\u00e4nkarna var fulla av killar som satt och spelade dataspel och drack Joltcola.<\/p>\n<p><em>\u201dDe gjorde reklam f\u00f6r att de hade ett kylsk\u00e5p l\u00e4ngst bak i klassrummet d\u00e4r man kunde ha sin cola. Jag kunde inte identifiera mig med dem, s\u00e5 jag b\u00f6rjade p\u00e5 natur och r\u00e4knade matte i st\u00e4llet. Jag borde ha g\u00e5tt in, dragit upp persiennerna och sagt: jag vill l\u00e4ra mig kod\u201d,<\/em> s\u00e4ger hon.<\/p>\n<p>Sofie hittade till branschen till slut i alla fall. Hon uts\u00e5gs till \u00c5rets tech-tjej 2017, och i dag jobbar hon som teknisk specialist p\u00e5 Microsoft.<\/p>\n<p><em>\u201dJag har nog en stor portion j\u00e4vlar anamma i mig. N\u00e4r jag pluggade fysik p\u00e5 KTH ins\u00e5g jag hur mycket m\u00f6jligheter det finns inom IT- och techbranschen, hur h\u00e4ftiga sommarjobb och praktikplatser de som l\u00e4ste data fick, och varf\u00f6r skulle jag inte ta del av det? S\u00e5 jag bytte utbildning.\u201d<\/em><\/p>\n<h2>I frontlinjen<\/h2>\n<p>I dag engagerar hon sig i att fler barn och unga ska f\u00e5 upp \u00f6gonen f\u00f6r vad man kan jobba med inom IT och tech. Hon riktar en uppmaning till alla som redan \u00e4r i branschen:<\/p>\n<p><em>\u201dBer\u00e4tta f\u00f6r folk runt omkring dig hur bra ditt jobb \u00e4r och hur kul du har. G\u00f6r en sv\u00e5rf\u00f6rst\u00e5elig bransch enklare! Det \u00e4r fantastiskt att jobba med tech \u2013 och fler borde f\u00f6rst\u00e5 det.\u201d<\/em><\/p>\n<p>Just f\u00f6rebilder tror Sofie \u00e4r en av nycklarna till att g\u00f6ra branschen mer j\u00e4mst\u00e4lld. Sj\u00e4lv g\u00e5r hon \u00e4ven f\u00f6re \u2013 banar v\u00e4g och bryter normer \u2013 inom fotbollen, d\u00e4r hon \u00e4r domare p\u00e5 elitniv\u00e5, ocks\u00e5 det ett omr\u00e5de med liknande problematik.<\/p>\n<p><em>\u201dDet \u00e4r v\u00e4ldigt roligt om n\u00e5gon kan k\u00e4nna sig inspirerad eller st\u00e4rkt av saker jag gjort. N\u00e4r man ska v\u00e4lja v\u00e4g beh\u00f6ver man kunna k\u00e4nna igen sig sj\u00e4lv i andra: kan hon s\u00e5 kan jag. Man m\u00e5ste se n\u00e5gon g\u00e5 f\u00f6rst. Fast det l\u00e4ggs samtidigt ett extra ansvar p\u00e5 kvinnor att vara f\u00f6rebilder&#8230; Det blir ett dilemma d\u00e4r.\u201d<\/em><\/p>\n<h2>&#8221;Kan vara en f\u00f6rdel&#8221;<\/h2>\n<p>Som tjej i techbranschen m\u00f6ter Sofie ibland stereotyper och f\u00f6rdomar. Hon ber\u00e4ttar om jobbm\u00f6ten d\u00e4r folk spontant inte tror att hon \u00e4r teknisk eller kan besvara deras teknikfr\u00e5gor.<\/p>\n<p><em>\u201cDet g\u00e4ller att vara medveten och ha en strategi f\u00f6r hur du ska v\u00e4nda det till n\u00e5got positivt. F\u00f6r det kan ocks\u00e5 vara en f\u00f6rdel att sticka ut.\u201d<\/em><\/p>\n<p>Samtidigt upplever Sofie att techbranschen st\u00e5r inf\u00f6r ett skifte.<\/p>\n<p><em>\u201dFler och fler unga tjejer s\u00f6ker sig hit. Det \u00e4r hoppfullt f\u00f6r framtiden.\u201d<\/em><\/p>\n<p>&nbsp;<\/p>\n<p><strong>FAKTA<\/strong>\/<\/p>\n<p><strong>Namn:<\/strong> Sofie Borck Janeheim.<\/p>\n<p><strong>Vann \u00e5r<\/strong>: 2017.<\/p>\n<p><strong>Jobbar som<\/strong>: Technical Specialist p\u00e5 Microsoft Sverige.<\/p>\n<p><strong>Pluggade<\/strong>: Civilingenj\u00f6r och l\u00e4rare inom informations- och kommunikationsteknik, KTH.<br \/>\n<strong>Uppvuxen\/bor<\/strong>: Karlstad\/Solna.<\/p>\n","protected":false},"excerpt":{"rendered":"<p>Det beh\u00f6vs kvinnliga f\u00f6rbilder i techbranschen, s\u00e5 att fler unga f\u00e5r upp \u00f6gonen f\u00f6r vad man kan jobba med kring tech, s\u00e4ger Sofie Borck Janeheim, \u00c5rets tech-tjej 2017. Hon talar utifr\u00e5n egna erfarenheter \u2013 det var n\u00e4ra att hon sj\u00e4lv blev bortskr\u00e4md. Inf\u00f6r gymnasiet var Sofie Borck Janeheim nyfiken p\u00e5 tech, och gjorde studiebes\u00f6k p\u00e5 [&hellip;]<\/p>\n","protected":false},"author":791,"featured_media":636897,"parent":0,"menu_order":0,"comment_status":"closed","ping_status":"closed","template":"","meta":{"footnotes":""},"class_list":["post-636894","page","type-page","status-publish","has-post-thumbnail","hentry"],"_links":{"self":[{"href":"https:\/\/pulse.microsoft.com\/sv-se\/wp-json\/wp\/v2\/pages\/636894"}],"collection":[{"href":"https:\/\/pulse.microsoft.com\/sv-se\/wp-json\/wp\/v2\/pages"}],"about":[{"href":"https:\/\/pulse.microsoft.com\/sv-se\/wp-json\/wp\/v2\/types\/page"}],"author":[{"embeddable":true,"href":"https:\/\/pulse.microsoft.com\/sv-se\/wp-json\/wp\/v2\/users\/791"}],"replies":[{"embeddable":true,"href":"https:\/\/pulse.microsoft.com\/sv-se\/wp-json\/wp\/v2\/comments?post=636894"}],"version-history":[{"count":4,"href":"https:\/\/pulse.microsoft.com\/sv-se\/wp-json\/wp\/v2\/pages\/636894\/revisions"}],"predecessor-version":[{"id":725873,"href":"https:\/\/pulse.microsoft.com\/sv-se\/wp-json\/wp\/v2\/pages\/636894\/revisions\/725873"}],"wp:featuredmedia":[{"embeddable":true,"href":"https:\/\/pulse.microsoft.com\/sv-se\/wp-json\/wp\/v2\/media\/636897"}],"wp:attachment":[{"href":"https:\/\/pulse.microsoft.com\/sv-se\/wp-json\/wp\/v2\/media?parent=636894"}],"curies":[{"name":"wp","href":"https:\/\/api.w.org\/{rel}","templated":true}]}}