{"id":635799,"date":"2022-02-25T10:48:02","date_gmt":"2022-02-25T09:48:02","guid":{"rendered":"https:\/\/pulse.microsoft.com\/?page_id=635799"},"modified":"2022-09-07T13:27:01","modified_gmt":"2022-09-07T12:27:01","slug":"tech-ar-aven-konst-och-design-du-behover-inte-vara-en-spelnord","status":"publish","type":"page","link":"https:\/\/pulse.microsoft.com\/sv-se\/tech-ar-aven-konst-och-design-du-behover-inte-vara-en-spelnord\/","title":{"rendered":"Ebtisam Mohammedsalih: \u201dTech \u00e4r \u00e4ven konst och design \u2013 du beh\u00f6ver inte vara en speln\u00f6rd\u201d"},"content":{"rendered":"<p><strong>Ebtisam Mohammedsalih kom<\/strong><strong> till Sverige fr\u00e5n Etiopien f\u00f6r sju \u00e5r sedan. Valet att plugga IT var en ren slump \u2013 som blev helt r\u00e4tt. I dag jobbar hon p\u00e5 Capgemini och 2019 uts\u00e5gs hon till <a href=\"https:\/\/pulse.microsoft.com\/sv-se\/skill-forward-sv-se\/na\/fa1-microsoft-arets-tech-tjej\/\">\u00c5rets tech-tjej<\/a>. Nu vill hon bredda bilden av vem som platsar i branschen.<\/strong><\/p>\n<p>Hon ville egentligen studera v\u00e5rd, men eftersom Ebtisam Mohammedsalih hade utl\u00e4ndska betyg var hon tvungen att v\u00e4lja en utbildning som gavs p\u00e5 engelska, och valet f\u00f6ll p\u00e5 IT.<\/p>\n<p><em>\u201dJag hade inget intresse eller passion f\u00f6r IT eller tech \u2013 men nu \u00e4lskar jag det! Jag ville hj\u00e4lpa m\u00e4nniskor och bidra med n\u00e5got gott till samh\u00e4llet, och det g\u00f6r jag nu, s\u00e5 jag har n\u00e5tt mitt m\u00e5l!\u201d<\/em><em>,<\/em> s\u00e4ger hon.<\/p>\n<p>I dag jobbar hon som molningenj\u00f6r p\u00e5 Capgemini och 2019 uts\u00e5gs hon till \u00c5rets tech-tjej.<\/p>\n<h2>Bilden av en tech-tjej beh\u00f6ver breddas<\/h2>\n<p>Ebtisam \u00e4r allts\u00e5 ett levande bevis p\u00e5 att man kan utveckla ett intresse f\u00f6rst efter att man b\u00f6rjat med n\u00e5got.<\/p>\n<p><em>\u201dJag vill med min historia inspirera andra att b\u00f6rja sin resa inom tech. Framtiden \u00e4r byggd p\u00e5<\/em><em> teknologi, och vill man h\u00e4nga med m\u00e5ste man ha f\u00f6rst\u00e5else f\u00f6r och kunskap inom tech. S\u00e5 det \u00e4r aldrig bortkastat att plugga det, oavsett vad du senare vill jobba med.\u201d<\/em><\/p>\n<p>Priset \u00c5rets tech-tjej firar 20 \u00e5r i \u00e5r. \u00c4ven om hon skulle \u00f6nska att vi hade kommit l\u00e4ngre \u00e4r det tydligt att priset beh\u00f6vs, menar Ebtisam. Samtidigt \u00e4r \u00e4ven gruppen av kvinnor inom techbranschen relativt homogen.<\/p>\n<p><em>\u201d<\/em><em>Den st\u00f6rsta bristen i branschen handlar om k\u00f6n s\u00e5 vi beh\u00f6ver tyv\u00e4rr fortfarande jobba p\u00e5 den biten. Men vi beh\u00f6ver ocks\u00e5 bredda bilden av en tech-tjej n\u00e4r det g\u00e4ller religion, sexualitet, etnicitet och s\u00e5 vidare.<\/em> <em>De kvinnor som finns i branschen ser ganska lika ut, jag k\u00e4nner inte igen mig i dem. <\/em><em>Det \u00e4r utmanande n\u00e4r man inte riktigt passar in, och det k\u00e4nns som att man beh\u00f6ver jobba extra h\u00e5rt.\u201d<\/em><\/p>\n<h2>Vill inspirera andra<\/h2>\n<p>F\u00f6r att locka kvinnor med mer olika bakgrund tror Ebtisam p\u00e5 att redan i tidig \u00e5lder inspirera unga tjejer att utveckla ett intresse f\u00f6r tech, och att visa dem vilka m\u00f6jligheter som finns.<\/p>\n<p><em>\u201dJag vill vara en f\u00f6rebild f\u00f6r tjejer som ser ut som jag, och som kan identifiera sig med mig p\u00e5 olika s\u00e4tt \u2013 f\u00f6r att de \u00e4r har invandrarbakgrund, \u00e4r m\u00f6rkhyade, eller visar sin religion i sin kl\u00e4dstil.\u201d<\/em><\/p>\n<p>Vi beh\u00f6ver kort sagt g\u00f6ra upp med bilden av vem som passar in i techbranschen, konstaterar hon.<\/p>\n<p><em>\u201dDet finns stereotyper som m\u00e5ste brytas, som att du m\u00e5ste \u00e4lska matte och vara programmerare. Tech \u00e4r \u00e4ven konst och design \u2013 du beh\u00f6ver inte vara en speln\u00f6rd.\u201d<\/em><\/p>\n<p>&nbsp;<\/p>\n<p><strong>FAKTA\/<\/strong><\/p>\n<p><strong>Namn:<\/strong> Ebtisam Mohammedsalih.<\/p>\n<p><strong>Vann \u00e5r<\/strong>: 2019.<\/p>\n<p><strong>Jobbar som<\/strong>: Molnkonsult p\u00e5 Capgemini.<\/p>\n<p><strong>Pluggade<\/strong>: Programvaruteknik vid Linneuniversitetet.<br \/>\n<strong>Uppvuxen\/bor<\/strong>: Etiopien\/Fittja.<\/p>\n","protected":false},"excerpt":{"rendered":"<p>Ebtisam Mohammedsalih kom till Sverige fr\u00e5n Etiopien f\u00f6r sju \u00e5r sedan. Valet att plugga IT var en ren slump \u2013 som blev helt r\u00e4tt. I dag jobbar hon p\u00e5 Capgemini och 2019 uts\u00e5gs hon till \u00c5rets tech-tjej. Nu vill hon bredda bilden av vem som platsar i branschen. Hon ville egentligen studera v\u00e5rd, men eftersom [&hellip;]<\/p>\n","protected":false},"author":791,"featured_media":635802,"parent":0,"menu_order":0,"comment_status":"closed","ping_status":"closed","template":"","meta":{"footnotes":""},"class_list":["post-635799","page","type-page","status-publish","has-post-thumbnail","hentry"],"_links":{"self":[{"href":"https:\/\/pulse.microsoft.com\/sv-se\/wp-json\/wp\/v2\/pages\/635799"}],"collection":[{"href":"https:\/\/pulse.microsoft.com\/sv-se\/wp-json\/wp\/v2\/pages"}],"about":[{"href":"https:\/\/pulse.microsoft.com\/sv-se\/wp-json\/wp\/v2\/types\/page"}],"author":[{"embeddable":true,"href":"https:\/\/pulse.microsoft.com\/sv-se\/wp-json\/wp\/v2\/users\/791"}],"replies":[{"embeddable":true,"href":"https:\/\/pulse.microsoft.com\/sv-se\/wp-json\/wp\/v2\/comments?post=635799"}],"version-history":[{"count":3,"href":"https:\/\/pulse.microsoft.com\/sv-se\/wp-json\/wp\/v2\/pages\/635799\/revisions"}],"predecessor-version":[{"id":725846,"href":"https:\/\/pulse.microsoft.com\/sv-se\/wp-json\/wp\/v2\/pages\/635799\/revisions\/725846"}],"wp:featuredmedia":[{"embeddable":true,"href":"https:\/\/pulse.microsoft.com\/sv-se\/wp-json\/wp\/v2\/media\/635802"}],"wp:attachment":[{"href":"https:\/\/pulse.microsoft.com\/sv-se\/wp-json\/wp\/v2\/media?parent=635799"}],"curies":[{"name":"wp","href":"https:\/\/api.w.org\/{rel}","templated":true}]}}