{"id":547337,"date":"2021-09-09T15:02:19","date_gmt":"2021-09-09T14:02:19","guid":{"rendered":"https:\/\/pulse.microsoft.com\/?page_id=547337"},"modified":"2023-04-20T09:35:25","modified_gmt":"2023-04-20T08:35:25","slug":"circle-of-trust","status":"publish","type":"page","link":"https:\/\/pulse.microsoft.com\/sv-se\/circle-of-trust\/","title":{"rendered":"Microsoft Circle of Trust"},"content":{"rendered":"<p>I takt med att allt mer verksamheter digitaliserar sina processer \u00f6kar riskerna. Vi tittar n\u00e4rmare p\u00e5 vad det inneb\u00e4r inom ramen f\u00f6r Circle of Trust, Microsoft Sveriges digitala evenemang kring \u00e4mnen som cybers\u00e4kerhet, regelefterlevnad och om man kan man lita p\u00e5 molnet.<\/p>\n","protected":false},"excerpt":{"rendered":"<p>I takt med att allt mer verksamheter digitaliserar sina processer \u00f6kar riskerna. Vi tittar n\u00e4rmare p\u00e5 vad det inneb\u00e4r inom ramen f\u00f6r Circle of Trust, Microsoft Sveriges digitala evenemang kring \u00e4mnen som cybers\u00e4kerhet, regelefterlevnad och om man kan man lita p\u00e5 molnet.<\/p>\n","protected":false},"author":498,"featured_media":711138,"parent":0,"menu_order":0,"comment_status":"closed","ping_status":"closed","template":"campaign.php","meta":{"footnotes":""},"class_list":["post-547337","page","type-page","status-publish","has-post-thumbnail","hentry"],"_links":{"self":[{"href":"https:\/\/pulse.microsoft.com\/sv-se\/wp-json\/wp\/v2\/pages\/547337"}],"collection":[{"href":"https:\/\/pulse.microsoft.com\/sv-se\/wp-json\/wp\/v2\/pages"}],"about":[{"href":"https:\/\/pulse.microsoft.com\/sv-se\/wp-json\/wp\/v2\/types\/page"}],"author":[{"embeddable":true,"href":"https:\/\/pulse.microsoft.com\/sv-se\/wp-json\/wp\/v2\/users\/498"}],"replies":[{"embeddable":true,"href":"https:\/\/pulse.microsoft.com\/sv-se\/wp-json\/wp\/v2\/comments?post=547337"}],"version-history":[{"count":22,"href":"https:\/\/pulse.microsoft.com\/sv-se\/wp-json\/wp\/v2\/pages\/547337\/revisions"}],"predecessor-version":[{"id":822700,"href":"https:\/\/pulse.microsoft.com\/sv-se\/wp-json\/wp\/v2\/pages\/547337\/revisions\/822700"}],"wp:featuredmedia":[{"embeddable":true,"href":"https:\/\/pulse.microsoft.com\/sv-se\/wp-json\/wp\/v2\/media\/711138"}],"wp:attachment":[{"href":"https:\/\/pulse.microsoft.com\/sv-se\/wp-json\/wp\/v2\/media?parent=547337"}],"curies":[{"name":"wp","href":"https:\/\/api.w.org\/{rel}","templated":true}]}}