{"id":537357,"date":"2021-08-13T09:49:39","date_gmt":"2021-08-13T08:49:39","guid":{"rendered":"https:\/\/pulse.microsoft.com\/?page_id=537357"},"modified":"2023-07-10T13:07:39","modified_gmt":"2023-07-10T12:07:39","slug":"modern-work-discover-workshop","status":"publish","type":"page","link":"https:\/\/pulse.microsoft.com\/sv-se\/modern-work-discover-workshop\/","title":{"rendered":"Modern Work Discover Workshops"},"content":{"rendered":"<p>Utforska och unders\u00f6k funktionerna och f\u00f6rdelarna med Microsoft 365 och uppt\u00e4ck hur ni kan ta tillvara p\u00e5 hela ert teams potential. I en workshop tar man en n\u00e4rmare titt p\u00e5 olika trender, uppt\u00e4cker nya och s\u00e4kra arbetss\u00e4tt och introducerar v\u00e5r plattform f\u00f6r den moderna arbetsplatsen.<\/p>\n<p>&nbsp;<\/p>\n<p>Eventkalender:<\/p>\n<table style=\"width: 691px; height: 362px;\" width=\"962\">\n<tbody>\n<tr style=\"height: 24px;\">\n<td style=\"width: 105px; height: 24px;\"><strong>Datum<\/strong><\/td>\n<td style=\"width: 155px; height: 24px;\"><strong>Partner<\/strong><\/td>\n<td style=\"width: 198px; height: 24px;\"><strong>Scenario namn<\/strong><\/td>\n<td style=\"width: 203px; height: 24px;\"><strong>L\u00e4nk till Registrering<\/strong><\/td>\n<\/tr>\n<tr style=\"height: 24px;\">\n<td style=\"width: 105px; height: 74px;\">29.08.2023<\/td>\n<td class=\"xl509\" style=\"width: 155px; height: 74px;\" height=\"20\">Innofactor<\/td>\n<td style=\"width: 198px; height: 74px;\">Dashboard in a Day<\/td>\n<td style=\"width: 203px; height: 74px;\"><a href=\"https:\/\/msevents.microsoft.com\/event?id=3552880680\">Registrera dig h\u00e4r<\/a><\/td>\n<\/tr>\n<tr style=\"height: 77px;\">\n<td style=\"width: 105px; height: 77px;\">06.09.2023<\/td>\n<td style=\"width: 155px; height: 77px;\">Random Forest<\/td>\n<td style=\"width: 198px; height: 77px;\">Dashboard in a Day<\/td>\n<td style=\"width: 203px; height: 77px;\"><a href=\"https:\/\/msevents.microsoft.com\/event?id=3338953381\">Registrera dig h\u00e4r<\/a><\/td>\n<\/tr>\n<tr style=\"height: 26px;\">\n<td style=\"width: 105px; height: 70px;\">22.09.2023<\/td>\n<td style=\"width: 155px; height: 70px;\">Innofactor<\/td>\n<td style=\"width: 198px; height: 70px;\">Dahsboard in a Day<\/td>\n<td style=\"width: 203px; height: 70px;\"><a href=\"https:\/\/msevents.microsoft.com\/event?id=1457996490\">Registrera dig h\u00e4r<\/a><\/td>\n<\/tr>\n<\/tbody>\n<\/table>\n","protected":false},"excerpt":{"rendered":"<p>Utforska och unders\u00f6k funktionerna och f\u00f6rdelarna med Microsoft 365 och uppt\u00e4ck hur ni kan ta tillvara p\u00e5 hela ert teams potential. I en workshop tar man en n\u00e4rmare titt p\u00e5 olika trender, uppt\u00e4cker nya och s\u00e4kra arbetss\u00e4tt och introducerar v\u00e5r plattform f\u00f6r den moderna arbetsplatsen. &nbsp; Eventkalender: Datum Partner Scenario namn L\u00e4nk till Registrering 29.08.2023 [&hellip;]<\/p>\n","protected":false},"author":498,"featured_media":148138,"parent":0,"menu_order":0,"comment_status":"closed","ping_status":"closed","template":"","meta":{"footnotes":""},"class_list":["post-537357","page","type-page","status-publish","has-post-thumbnail","hentry"],"_links":{"self":[{"href":"https:\/\/pulse.microsoft.com\/sv-se\/wp-json\/wp\/v2\/pages\/537357"}],"collection":[{"href":"https:\/\/pulse.microsoft.com\/sv-se\/wp-json\/wp\/v2\/pages"}],"about":[{"href":"https:\/\/pulse.microsoft.com\/sv-se\/wp-json\/wp\/v2\/types\/page"}],"author":[{"embeddable":true,"href":"https:\/\/pulse.microsoft.com\/sv-se\/wp-json\/wp\/v2\/users\/498"}],"replies":[{"embeddable":true,"href":"https:\/\/pulse.microsoft.com\/sv-se\/wp-json\/wp\/v2\/comments?post=537357"}],"version-history":[{"count":55,"href":"https:\/\/pulse.microsoft.com\/sv-se\/wp-json\/wp\/v2\/pages\/537357\/revisions"}],"predecessor-version":[{"id":844519,"href":"https:\/\/pulse.microsoft.com\/sv-se\/wp-json\/wp\/v2\/pages\/537357\/revisions\/844519"}],"wp:featuredmedia":[{"embeddable":true,"href":"https:\/\/pulse.microsoft.com\/sv-se\/wp-json\/wp\/v2\/media\/148138"}],"wp:attachment":[{"href":"https:\/\/pulse.microsoft.com\/sv-se\/wp-json\/wp\/v2\/media?parent=537357"}],"curies":[{"name":"wp","href":"https:\/\/api.w.org\/{rel}","templated":true}]}}