{"id":533621,"date":"2021-03-23T18:08:07","date_gmt":"2021-03-23T17:08:07","guid":{"rendered":"https:\/\/pulse.microsoft.com\/immersion-workshops\/"},"modified":"2022-09-20T14:22:09","modified_gmt":"2022-09-20T13:22:09","slug":"immersion-workshops","status":"publish","type":"page","link":"https:\/\/pulse.microsoft.com\/sv-se\/immersion-workshops\/","title":{"rendered":"Microsoft Discover Workshops"},"content":{"rendered":"<p>V\u00e4lkommen till Microsoft Discover workshop, utnyttja hela ert teams kapacitet och utforska hur ni kan g\u00e5 tillv\u00e4ga f\u00f6r att lyckas. En Microsoft Discover workshop \u00e4r ett fantastiskt s\u00e4tt att f\u00e5 praktisk erfarenhet av Microsoft olika produkter och tj\u00e4nster anpassat f\u00f6r dig!<\/p>\n","protected":false},"excerpt":{"rendered":"<p>V\u00e4lkommen till Microsoft Discover workshop, utnyttja hela ert teams kapacitet och utforska hur ni kan g\u00e5 tillv\u00e4ga f\u00f6r att lyckas. En Microsoft Discover workshop \u00e4r ett fantastiskt s\u00e4tt att f\u00e5 praktisk erfarenhet av Microsoft olika produkter och tj\u00e4nster anpassat f\u00f6r dig!<\/p>\n","protected":false},"author":792,"featured_media":526458,"parent":0,"menu_order":0,"comment_status":"closed","ping_status":"closed","template":"campaign.php","meta":{"footnotes":""},"class_list":["post-533621","page","type-page","status-publish","has-post-thumbnail","hentry"],"_links":{"self":[{"href":"https:\/\/pulse.microsoft.com\/sv-se\/wp-json\/wp\/v2\/pages\/533621"}],"collection":[{"href":"https:\/\/pulse.microsoft.com\/sv-se\/wp-json\/wp\/v2\/pages"}],"about":[{"href":"https:\/\/pulse.microsoft.com\/sv-se\/wp-json\/wp\/v2\/types\/page"}],"author":[{"embeddable":true,"href":"https:\/\/pulse.microsoft.com\/sv-se\/wp-json\/wp\/v2\/users\/792"}],"replies":[{"embeddable":true,"href":"https:\/\/pulse.microsoft.com\/sv-se\/wp-json\/wp\/v2\/comments?post=533621"}],"version-history":[{"count":21,"href":"https:\/\/pulse.microsoft.com\/sv-se\/wp-json\/wp\/v2\/pages\/533621\/revisions"}],"predecessor-version":[{"id":732839,"href":"https:\/\/pulse.microsoft.com\/sv-se\/wp-json\/wp\/v2\/pages\/533621\/revisions\/732839"}],"wp:featuredmedia":[{"embeddable":true,"href":"https:\/\/pulse.microsoft.com\/sv-se\/wp-json\/wp\/v2\/media\/526458"}],"wp:attachment":[{"href":"https:\/\/pulse.microsoft.com\/sv-se\/wp-json\/wp\/v2\/media?parent=533621"}],"curies":[{"name":"wp","href":"https:\/\/api.w.org\/{rel}","templated":true}]}}