{"id":530871,"date":"2021-07-23T09:24:40","date_gmt":"2021-07-23T08:24:40","guid":{"rendered":"https:\/\/pulse.microsoft.com\/?page_id=530871"},"modified":"2023-07-10T13:12:38","modified_gmt":"2023-07-10T12:12:38","slug":"discover-workshops-business-applications","status":"publish","type":"page","link":"https:\/\/pulse.microsoft.com\/sv-se\/discover-workshops-business-applications\/","title":{"rendered":"Business Applications Discover\/Immersion workshops"},"content":{"rendered":"<p>F\u00f6rvandla dina relationer till int\u00e4kter och utveckla ditt f\u00f6retag p\u00e5 ett smart s\u00e4tt med hj\u00e4lp av Microsoft Dynamics 365. Upplev en workshop som \u00e4r skr\u00e4ddarsydd f\u00f6r dina unika behov. Frig\u00f6r potentialen i din organisation genom att eliminera Data silo och vid att koppla samman kunder, produkter, m\u00e4nniskor, aktiviteter och mycket mer. Ta det f\u00f6rsta steget med v\u00e5ra Discover\/Immersion workshops.<\/p>\n<p>&nbsp;<\/p>\n<p>&nbsp;<\/p>\n<p>Eventkalender:<\/p>\n<table style=\"width: 788px; height: 137px;\" width=\"680\">\n<tbody>\n<tr style=\"height: 24px;\">\n<td style=\"width: 129.673px; height: 24px;\"><strong>Datum<\/strong><\/td>\n<td style=\"width: 144.747px; height: 24px;\"><strong>Partner<\/strong><\/td>\n<td style=\"width: 260.342px; height: 24px;\"><strong>Scenario namn<\/strong><\/td>\n<td style=\"width: 226.205px; height: 24px;\"><strong>L\u00e4nk till Registrering<\/strong><\/td>\n<\/tr>\n<tr style=\"height: 59px;\">\n<td style=\"width: 129.673px; height: 59px;\">29.08.2023<\/td>\n<td style=\"width: 144.747px; height: 59px;\">Innofactor<\/td>\n<td style=\"width: 260.342px; height: 59px;\">App in a Day<\/td>\n<td style=\"width: 226.205px; height: 59px;\"><a href=\"https:\/\/msevents.microsoft.com\/event?id=2483759552\">Registrera dig h\u00e4r<\/a><\/td>\n<\/tr>\n<\/tbody>\n<\/table>\n","protected":false},"excerpt":{"rendered":"<p>F\u00f6rvandla dina relationer till int\u00e4kter och utveckla ditt f\u00f6retag p\u00e5 ett smart s\u00e4tt med hj\u00e4lp av Microsoft Dynamics 365. Upplev en workshop som \u00e4r skr\u00e4ddarsydd f\u00f6r dina unika behov. Frig\u00f6r potentialen i din organisation genom att eliminera Data silo och vid att koppla samman kunder, produkter, m\u00e4nniskor, aktiviteter och mycket mer. Ta det f\u00f6rsta steget [&hellip;]<\/p>\n","protected":false},"author":498,"featured_media":316814,"parent":0,"menu_order":0,"comment_status":"closed","ping_status":"closed","template":"","meta":{"footnotes":""},"class_list":["post-530871","page","type-page","status-publish","has-post-thumbnail","hentry"],"_links":{"self":[{"href":"https:\/\/pulse.microsoft.com\/sv-se\/wp-json\/wp\/v2\/pages\/530871"}],"collection":[{"href":"https:\/\/pulse.microsoft.com\/sv-se\/wp-json\/wp\/v2\/pages"}],"about":[{"href":"https:\/\/pulse.microsoft.com\/sv-se\/wp-json\/wp\/v2\/types\/page"}],"author":[{"embeddable":true,"href":"https:\/\/pulse.microsoft.com\/sv-se\/wp-json\/wp\/v2\/users\/498"}],"replies":[{"embeddable":true,"href":"https:\/\/pulse.microsoft.com\/sv-se\/wp-json\/wp\/v2\/comments?post=530871"}],"version-history":[{"count":59,"href":"https:\/\/pulse.microsoft.com\/sv-se\/wp-json\/wp\/v2\/pages\/530871\/revisions"}],"predecessor-version":[{"id":844522,"href":"https:\/\/pulse.microsoft.com\/sv-se\/wp-json\/wp\/v2\/pages\/530871\/revisions\/844522"}],"wp:featuredmedia":[{"embeddable":true,"href":"https:\/\/pulse.microsoft.com\/sv-se\/wp-json\/wp\/v2\/media\/316814"}],"wp:attachment":[{"href":"https:\/\/pulse.microsoft.com\/sv-se\/wp-json\/wp\/v2\/media?parent=530871"}],"curies":[{"name":"wp","href":"https:\/\/api.w.org\/{rel}","templated":true}]}}