{"id":419819,"date":"2020-10-14T12:00:06","date_gmt":"2020-10-14T11:00:06","guid":{"rendered":"https:\/\/pulse.microsoft.com\/resan-till-det-nya-normala-utveckla-innovation-och-produktivitet-i-en-hybridvarld\/"},"modified":"2021-01-27T17:15:13","modified_gmt":"2021-01-27T16:15:13","slug":"resan-till-det-nya-normala-utveckla-innovation-och-produktivitet-i-en-hybridvarld","status":"publish","type":"page","link":"https:\/\/pulse.microsoft.com\/sv-se\/resan-till-det-nya-normala-utveckla-innovation-och-produktivitet-i-en-hybridvarld\/","title":{"rendered":"F\u00e5 f\u00f6retaget att utvecklas i en hybridarbetsmilj\u00f6"},"content":{"rendered":"<p>Utforska hur ditt f\u00f6retag kan bli mer produktivt, effektivt och innovativt i en distansarbetskultur med hj\u00e4lp av ny forskning fr\u00e5n BCG och KRC Research.<\/p>\n","protected":false},"excerpt":{"rendered":"<p>Utforska hur ditt f\u00f6retag kan bli mer produktivt, effektivt och innovativt i en distansarbetskultur med hj\u00e4lp av ny forskning fr\u00e5n BCG och KRC Research.<\/p>\n","protected":false},"author":68,"featured_media":383766,"parent":0,"menu_order":0,"comment_status":"closed","ping_status":"closed","template":"campaign.php","meta":{"footnotes":""},"class_list":["post-419819","page","type-page","status-publish","has-post-thumbnail","hentry"],"_links":{"self":[{"href":"https:\/\/pulse.microsoft.com\/sv-se\/wp-json\/wp\/v2\/pages\/419819"}],"collection":[{"href":"https:\/\/pulse.microsoft.com\/sv-se\/wp-json\/wp\/v2\/pages"}],"about":[{"href":"https:\/\/pulse.microsoft.com\/sv-se\/wp-json\/wp\/v2\/types\/page"}],"author":[{"embeddable":true,"href":"https:\/\/pulse.microsoft.com\/sv-se\/wp-json\/wp\/v2\/users\/68"}],"replies":[{"embeddable":true,"href":"https:\/\/pulse.microsoft.com\/sv-se\/wp-json\/wp\/v2\/comments?post=419819"}],"version-history":[{"count":2,"href":"https:\/\/pulse.microsoft.com\/sv-se\/wp-json\/wp\/v2\/pages\/419819\/revisions"}],"predecessor-version":[{"id":432837,"href":"https:\/\/pulse.microsoft.com\/sv-se\/wp-json\/wp\/v2\/pages\/419819\/revisions\/432837"}],"wp:featuredmedia":[{"embeddable":true,"href":"https:\/\/pulse.microsoft.com\/sv-se\/wp-json\/wp\/v2\/media\/383766"}],"wp:attachment":[{"href":"https:\/\/pulse.microsoft.com\/sv-se\/wp-json\/wp\/v2\/media?parent=419819"}],"curies":[{"name":"wp","href":"https:\/\/api.w.org\/{rel}","templated":true}]}}