{"id":406112,"date":"2020-12-17T15:29:06","date_gmt":"2020-12-17T14:29:06","guid":{"rendered":"https:\/\/pulse.microsoft.com\/?page_id=406112"},"modified":"2023-07-26T11:53:23","modified_gmt":"2023-07-26T10:53:23","slug":"azure-immersion-workshops-sverige","status":"publish","type":"page","link":"https:\/\/pulse.microsoft.com\/sv-se\/azure-immersion-workshops-sverige\/","title":{"rendered":"Azure Immersion Workshops"},"content":{"rendered":"<p>Dessa kostnadsfria workshops ger dig dem verktyg du beh\u00f6ver f\u00f6r att f\u00f6rvandla alla dina id\u00e9er till fungerande l\u00f6sningar i molnet. Utforska Microsoft Azure och uppt\u00e4ck m\u00f6jligheterna med p\u00e5litliga verktyg som \u00e4r anpassade f\u00f6r dina behov.<\/p>\n<p>&nbsp;<\/p>\n<p>Eventkalender:<\/p>\n<table style=\"border-collapse: collapse; width: 510pt;\" width=\"680\">\n<tbody>\n<tr style=\"height: 24px;\">\n<td style=\"width: 134px; height: 24px;\" width=\"82\"><strong>Datum<\/strong><\/td>\n<td style=\"width: 148px; height: 24px;\"><strong>Partner<\/strong><\/td>\n<td style=\"width: 268px; height: 24px;\"><strong>Scenario namn<\/strong><\/td>\n<td style=\"width: 266px; height: 24px;\"><strong>L\u00e4nk till Registrering<\/strong><\/td>\n<\/tr>\n<tr style=\"height: 15.0pt;\">\n<td class=\"xl1176\" style=\"width: 134px; height: 15px;\" width=\"82\" height=\"20\">13.09.2023<\/td>\n<td class=\"xl509\" style=\"width: 148px; height: 15px;\" width=\"114\">Business Vision<\/td>\n<td class=\"xl167\" style=\"width: 268px; height: 15px;\" width=\"227\">Analytics<\/td>\n<td class=\"xl1229\" style=\"width: 266px; height: 15px;\" width=\"257\"><a href=\"https:\/\/mktoevents.com\/Microsoft+Event\/406286\/157-GQE-382\">Registrera dig h\u00e4r<\/a><\/td>\n<\/tr>\n<tr style=\"height: 23px;\">\n<td style=\"width: 134px; height: 23px;\"><\/td>\n<td style=\"width: 148px; height: 23px;\"><\/td>\n<td style=\"width: 268px; height: 23px;\">Database Modernization<\/td>\n<td style=\"width: 266px; height: 23px;\">Kommer snart<\/td>\n<\/tr>\n<tr style=\"height: 15.0pt;\">\n<td class=\"xl1178\" style=\"width: 134px; height: 15px;\" width=\"82\" height=\"20\"><\/td>\n<td class=\"xl329\" style=\"width: 148px; height: 15px;\" width=\"114\"><\/td>\n<td class=\"xl167\" style=\"width: 268px; height: 15px;\" width=\"227\">Analytics<\/td>\n<td class=\"xl1362\" style=\"width: 266px; height: 15px;\" width=\"257\">Kommer snart<\/td>\n<\/tr>\n<\/tbody>\n<\/table>\n","protected":false},"excerpt":{"rendered":"<p>Dessa kostnadsfria workshops ger dig dem verktyg du beh\u00f6ver f\u00f6r att f\u00f6rvandla alla dina id\u00e9er till fungerande l\u00f6sningar i molnet. Utforska Microsoft Azure och uppt\u00e4ck m\u00f6jligheterna med p\u00e5litliga verktyg som \u00e4r anpassade f\u00f6r dina behov. &nbsp; Eventkalender: Datum Partner Scenario namn L\u00e4nk till Registrering 13.09.2023 Business Vision Analytics Registrera dig h\u00e4r Database Modernization Kommer snart [&hellip;]<\/p>\n","protected":false},"author":498,"featured_media":605828,"parent":0,"menu_order":0,"comment_status":"closed","ping_status":"closed","template":"","meta":{"footnotes":""},"class_list":["post-406112","page","type-page","status-publish","has-post-thumbnail","hentry"],"_links":{"self":[{"href":"https:\/\/pulse.microsoft.com\/sv-se\/wp-json\/wp\/v2\/pages\/406112"}],"collection":[{"href":"https:\/\/pulse.microsoft.com\/sv-se\/wp-json\/wp\/v2\/pages"}],"about":[{"href":"https:\/\/pulse.microsoft.com\/sv-se\/wp-json\/wp\/v2\/types\/page"}],"author":[{"embeddable":true,"href":"https:\/\/pulse.microsoft.com\/sv-se\/wp-json\/wp\/v2\/users\/498"}],"replies":[{"embeddable":true,"href":"https:\/\/pulse.microsoft.com\/sv-se\/wp-json\/wp\/v2\/comments?post=406112"}],"version-history":[{"count":113,"href":"https:\/\/pulse.microsoft.com\/sv-se\/wp-json\/wp\/v2\/pages\/406112\/revisions"}],"predecessor-version":[{"id":848023,"href":"https:\/\/pulse.microsoft.com\/sv-se\/wp-json\/wp\/v2\/pages\/406112\/revisions\/848023"}],"wp:featuredmedia":[{"embeddable":true,"href":"https:\/\/pulse.microsoft.com\/sv-se\/wp-json\/wp\/v2\/media\/605828"}],"wp:attachment":[{"href":"https:\/\/pulse.microsoft.com\/sv-se\/wp-json\/wp\/v2\/media?parent=406112"}],"curies":[{"name":"wp","href":"https:\/\/api.w.org\/{rel}","templated":true}]}}