{"id":958467,"date":"2024-10-08T11:01:59","date_gmt":"2024-10-08T10:01:59","guid":{"rendered":"https:\/\/pulse.microsoft.com\/?page_id=958467"},"modified":"2024-10-29T13:08:56","modified_gmt":"2024-10-29T12:08:56","slug":"ai-national-skilling","status":"publish","type":"page","link":"https:\/\/pulse.microsoft.com\/pt-pt\/ai-national-skilling\/","title":{"rendered":"Forma\u00e7\u00e3o em Compet\u00eancias de Intelig\u00eancia Artificial"},"content":{"rendered":"<p>Descubra os eventos e percursos formativos disponibilizados pela Microsoft e obtenha as certifica\u00e7\u00f5es Microsoft para dar mais visibilidade \u00e0s compet\u00eancias adquiridas!<\/p>\n","protected":false},"excerpt":{"rendered":"<p>Descubra os eventos e percursos formativos disponibilizados pela Microsoft e obtenha as certifica\u00e7\u00f5es Microsoft para dar mais visibilidade \u00e0s compet\u00eancias adquiridas!<\/p>\n","protected":false},"author":713,"featured_media":961622,"parent":0,"menu_order":0,"comment_status":"closed","ping_status":"closed","template":"campaign.php","meta":{"footnotes":""},"class_list":["post-958467","page","type-page","status-publish","has-post-thumbnail","hentry"],"_links":{"self":[{"href":"https:\/\/pulse.microsoft.com\/pt-pt\/wp-json\/wp\/v2\/pages\/958467"}],"collection":[{"href":"https:\/\/pulse.microsoft.com\/pt-pt\/wp-json\/wp\/v2\/pages"}],"about":[{"href":"https:\/\/pulse.microsoft.com\/pt-pt\/wp-json\/wp\/v2\/types\/page"}],"author":[{"embeddable":true,"href":"https:\/\/pulse.microsoft.com\/pt-pt\/wp-json\/wp\/v2\/users\/713"}],"replies":[{"embeddable":true,"href":"https:\/\/pulse.microsoft.com\/pt-pt\/wp-json\/wp\/v2\/comments?post=958467"}],"version-history":[{"count":23,"href":"https:\/\/pulse.microsoft.com\/pt-pt\/wp-json\/wp\/v2\/pages\/958467\/revisions"}],"predecessor-version":[{"id":1097456,"href":"https:\/\/pulse.microsoft.com\/pt-pt\/wp-json\/wp\/v2\/pages\/958467\/revisions\/1097456"}],"wp:featuredmedia":[{"embeddable":true,"href":"https:\/\/pulse.microsoft.com\/pt-pt\/wp-json\/wp\/v2\/media\/961622"}],"wp:attachment":[{"href":"https:\/\/pulse.microsoft.com\/pt-pt\/wp-json\/wp\/v2\/media?parent=958467"}],"curies":[{"name":"wp","href":"https:\/\/api.w.org\/{rel}","templated":true}]}}