{"id":845339,"date":"2023-07-24T12:47:07","date_gmt":"2023-07-24T11:47:07","guid":{"rendered":"https:\/\/pulse.microsoft.com\/?page_id=845339"},"modified":"2023-09-08T17:48:01","modified_gmt":"2023-09-08T16:48:01","slug":"agenda-microsoft-build-portugal","status":"publish","type":"page","link":"https:\/\/pulse.microsoft.com\/pt-pt\/agenda-microsoft-build-portugal\/","title":{"rendered":"Agenda Microsoft Build Portugal"},"content":{"rendered":"<h2 class=\" text-sm-center\">21 de setembro de 2023<\/h2>\n<p>Descubra as <strong>sess\u00f5es de Track 1<\/strong>, dedicadas ao uso e implementa\u00e7\u00e3o de solu\u00e7\u00f5es de IA, incluindo Grandes Modelos de Linguagem e Apps com IA integrada. Nas <strong>sess\u00f5es de Track 2<\/strong>, poder\u00e1 aprender mais sobre desenvolvimento de aplica\u00e7\u00f5es na cloud, implementa\u00e7\u00e3o e o uso infraestruturas de cloud.<\/p>\n<p>Aproveite para se <a href=\"https:\/\/msevents.microsoft.com\/event?id=3238203431\">registar agora<\/a> <strong>gratuitamente<\/strong>.\u00a0Estamos ansiosos para receb\u00ea-lo no Terminal dos Cruzeiros do Porto de Leix\u00f5es, em Matosinhos.<\/p>\n<p>As sess\u00f5es ser\u00e3o realizadas na maioria em portugu\u00eas com a exce\u00e7\u00e3o das sess\u00f5es entregues pelos oradores estrangeiros, realizadas em ingl\u00eas.<\/p>\n<p><strong>Agenda da manh\u00e3<\/strong><\/p>\n<div>\n<table style=\"height: 360px;\" width=\"734\">\n<tbody>\n<tr style=\"height: 24px;\">\n<td style=\"text-align: center; height: 24px;\" width=\"79\">Horas<\/td>\n<td style=\"text-align: center; height: 24px;\" width=\"143\">Tipo de sess\u00e3o<\/td>\n<td style=\"text-align: center; height: 24px;\" width=\"320\">T\u00edtulo da sess\u00e3o<\/td>\n<td style=\"text-align: center; height: 24px;\" width=\"192\">Orador<\/td>\n<\/tr>\n<tr style=\"height: 24px;\">\n<td style=\"text-align: center; height: 24px;\" width=\"79\">10:00<\/td>\n<td style=\"text-align: center; height: 24px;\" width=\"143\">Welcome<\/td>\n<td style=\"text-align: center; height: 24px;\" width=\"320\"><strong>Highlights video from Build Global<\/strong><\/td>\n<td style=\"text-align: center; height: 24px;\" width=\"192\"><\/td>\n<\/tr>\n<tr style=\"height: 48px;\">\n<td style=\"text-align: center; height: 48px;\" width=\"79\">10:15<\/td>\n<td style=\"text-align: center; height: 48px;\" width=\"143\">Keynote<\/td>\n<td style=\"text-align: center; height: 48px;\" width=\"320\"><strong>Welcome by the management team of Microsoft Portugal<\/strong><\/td>\n<td style=\"text-align: center; height: 48px;\" width=\"192\"><a href=\"https:\/\/www.linkedin.com\/in\/andresortola\/\">Andres Ortol\u00e1<\/a><\/td>\n<\/tr>\n<tr style=\"height: 72px;\">\n<td style=\"text-align: center; height: 72px;\" width=\"79\">10:30<\/td>\n<td style=\"text-align: center; height: 72px;\" width=\"143\">Keynote<\/td>\n<td style=\"text-align: center; height: 72px;\" width=\"320\"><strong>Deliver apps from code to cloud with Azure Kubernetes Service<\/strong><\/td>\n<td style=\"text-align: center; height: 72px;\" width=\"192\"><a href=\"https:\/\/www.linkedin.com\/in\/ricardofiel\/\">Ricardo Fiel<\/a><\/td>\n<\/tr>\n<tr style=\"height: 48px;\">\n<td style=\"text-align: center; height: 48px;\" width=\"79\">10:55<\/td>\n<td style=\"text-align: center; height: 48px;\" width=\"143\">Keynote<\/td>\n<td style=\"text-align: center; height: 48px;\" width=\"320\"><strong>Enhance your solutions with new Azure AI products and features<\/strong><\/td>\n<td style=\"text-align: center; height: 48px;\" width=\"192\"><a href=\"https:\/\/www.linkedin.com\/in\/andrevala\/\">Andr\u00e9 Vala<\/a><\/td>\n<\/tr>\n<tr style=\"height: 24px;\">\n<td style=\"text-align: center; height: 24px;\" width=\"79\">11:25<\/td>\n<td style=\"text-align: center; height: 24px;\" width=\"143\">Intervalo<\/td>\n<td style=\"text-align: center; height: 24px;\" width=\"320\"><\/td>\n<td style=\"text-align: center; height: 24px;\" width=\"192\"><\/td>\n<\/tr>\n<tr style=\"height: 48px;\">\n<td style=\"text-align: center; height: 48px;\" width=\"79\">12:00<\/td>\n<td style=\"text-align: center; height: 48px;\" width=\"143\">Keynote<\/td>\n<td style=\"text-align: center; height: 48px;\" width=\"320\"><strong>Community Led Session: &#8220;Your lack of Azure App Services is disturbing.&#8221;<\/strong><\/td>\n<td style=\"text-align: center; height: 48px;\" width=\"192\"><a href=\"https:\/\/www.linkedin.com\/in\/tiagocosta\/\">Tiago Costa<\/a><\/td>\n<\/tr>\n<tr style=\"height: 48px;\">\n<td style=\"text-align: center; height: 48px;\" width=\"79\">12:30<\/td>\n<td style=\"text-align: center; height: 48px;\" width=\"143\">Keynote<\/td>\n<td style=\"text-align: center; height: 48px;\" width=\"320\"><strong>AI | Iron man or Ultron<\/strong><\/td>\n<td style=\"text-align: center; height: 48px;\" width=\"192\"><a href=\"https:\/\/www.linkedin.com\/in\/marconsilva\/\">Marco Ant\u00f3nio Silva<\/a><\/p>\n<p><a href=\"https:\/\/www.linkedin.com\/in\/shanselman\/\">Scott Hanselman<\/a><\/td>\n<\/tr>\n<tr style=\"height: 24px;\">\n<td style=\"text-align: center; height: 24px;\" width=\"79\">13:00<\/td>\n<td style=\"text-align: center; height: 24px;\" width=\"143\">Almo\u00e7o<\/td>\n<td style=\"text-align: center; height: 24px;\" width=\"320\"><\/td>\n<td style=\"text-align: center; height: 24px;\" width=\"192\"><\/td>\n<\/tr>\n<\/tbody>\n<\/table>\n<p><strong>Agenda da tarde<\/strong><\/p>\n<table style=\"height: 312px;\" width=\"734\">\n<tbody>\n<tr style=\"height: 24px;\">\n<td style=\"text-align: center; height: 72px;\" rowspan=\"2\" width=\"79\">14:00<\/td>\n<td style=\"text-align: center; height: 24px;\" width=\"143\">Track 1<\/td>\n<td style=\"text-align: center; height: 24px;\" width=\"320\"><strong>Data analytics for the era of AI<\/strong><\/td>\n<td style=\"text-align: center; height: 24px;\" width=\"192\"><a href=\"https:\/\/www.linkedin.com\/in\/joao-salvadoo\/\">Jo\u00e3o Salvado<\/a><\/td>\n<\/tr>\n<tr style=\"height: 48px;\">\n<td style=\"text-align: center; height: 48px;\">Track 2<\/td>\n<td style=\"text-align: center; height: 48px;\" width=\"320\"><strong>Cloud-native development with .NET 8<\/strong><\/td>\n<td style=\"text-align: center; height: 48px;\"><a href=\"https:\/\/www.linkedin.com\/in\/anaritavvieira\/\">Ana Rita Vieira<\/a><\/p>\n<p><a href=\"https:\/\/www.linkedin.com\/in\/marconsilva\/\">Marco Ant\u00f3nio Silva<\/a><\/td>\n<\/tr>\n<tr style=\"height: 48px;\">\n<td style=\"text-align: center; height: 96px;\" rowspan=\"2\">14:45<\/td>\n<td style=\"text-align: center; height: 48px;\">Track 1<\/td>\n<td style=\"text-align: center; height: 48px;\" width=\"320\"><strong>Getting started with generative AI using Azure OpenAI Service<\/strong><\/td>\n<td style=\"text-align: center; height: 48px;\"><a href=\"https:\/\/www.linkedin.com\/in\/fabiolopes92\/\">F\u00e1bio Lopes<\/a><\/td>\n<\/tr>\n<tr style=\"height: 48px;\">\n<td style=\"text-align: center; height: 48px;\">Track 2<\/td>\n<td style=\"text-align: center; height: 48px;\" width=\"320\"><strong>Full stack scale with the Microsoft Power Platform<\/strong><\/td>\n<td style=\"text-align: center; height: 48px;\"><a href=\"https:\/\/www.linkedin.com\/in\/ricardocalejo\/\">Ricardo Calejo<\/a><\/td>\n<\/tr>\n<tr style=\"height: 24px;\">\n<td style=\"text-align: center; height: 24px;\">15:30<\/td>\n<td style=\"text-align: center; height: 24px;\">Intervalo<\/td>\n<td style=\"text-align: center; height: 24px;\" width=\"320\"><\/td>\n<td style=\"text-align: center; height: 24px;\"><\/td>\n<\/tr>\n<tr style=\"height: 48px;\">\n<td style=\"text-align: center; height: 96px;\" rowspan=\"2\">16:00<\/td>\n<td style=\"text-align: center; height: 48px;\">Track 1<\/td>\n<td style=\"text-align: center; height: 48px;\" width=\"320\"><strong>Build and maintain your company Copilot with Azure ML and GPT-4<\/strong><\/td>\n<td style=\"text-align: center; height: 48px;\"><a href=\"https:\/\/www.linkedin.com\/in\/andrevala\/\">Andr\u00e9 Vala<\/a><\/td>\n<\/tr>\n<tr style=\"height: 48px;\">\n<td style=\"text-align: center; height: 48px;\">Track 2<\/td>\n<td style=\"text-align: center; height: 48px;\" width=\"320\"><strong>How GitHub builds GitHub with GitHub<\/strong><\/td>\n<td style=\"text-align: center; height: 48px;\" width=\"192\"><a href=\"https:\/\/www.linkedin.com\/in\/pedrosoares\/\">Pedro Soares<\/a><br \/>\n<a href=\"https:\/\/www.linkedin.com\/in\/ricardofiel\/\">Ricardo Fiel<\/a><\/td>\n<\/tr>\n<tr style=\"height: 24px;\">\n<td style=\"text-align: center; height: 24px;\">16.45<\/td>\n<td style=\"text-align: center; height: 24px;\">Intervalo<\/td>\n<td style=\"text-align: center; height: 24px;\"><\/td>\n<td style=\"text-align: center; height: 24px;\"><\/td>\n<\/tr>\n<tr style=\"height: 24px;\">\n<td style=\"text-align: center; height: 24px;\">17:00<\/td>\n<td style=\"text-align: center; height: 24px;\">Keynote<\/td>\n<td style=\"text-align: center; height: 24px;\"><strong>Microsoft Build 2023 Highlights \u2013 how can I use them for myself as a developer?<\/strong><\/td>\n<td style=\"text-align: center; height: 24px;\"><a href=\"https:\/\/www.linkedin.com\/in\/pedrosoares\/\">Pedro Soares<\/a><\/td>\n<\/tr>\n<tr style=\"height: 24px;\">\n<td style=\"text-align: center; height: 24px;\">17:30<\/td>\n<td style=\"text-align: center; height: 24px;\">Happy Hour<\/td>\n<td style=\"text-align: center; height: 24px;\" width=\"320\"><strong>Happy Hour Powered by Devscope<\/strong><\/td>\n<td style=\"text-align: center; height: 24px;\"><\/td>\n<\/tr>\n<\/tbody>\n<\/table>\n<\/div>\n","protected":false},"excerpt":{"rendered":"<p>21 de setembro de 2023 Descubra as sess\u00f5es de Track 1, dedicadas ao uso e implementa\u00e7\u00e3o de solu\u00e7\u00f5es de IA, incluindo Grandes Modelos de Linguagem e Apps com IA integrada. Nas sess\u00f5es de Track 2, poder\u00e1 aprender mais sobre desenvolvimento de aplica\u00e7\u00f5es na cloud, implementa\u00e7\u00e3o e o uso infraestruturas de cloud. Aproveite para se registar [&hellip;]<\/p>\n","protected":false},"author":713,"featured_media":849589,"parent":0,"menu_order":0,"comment_status":"closed","ping_status":"closed","template":"","meta":{"footnotes":""},"class_list":["post-845339","page","type-page","status-publish","has-post-thumbnail","hentry"],"_links":{"self":[{"href":"https:\/\/pulse.microsoft.com\/pt-pt\/wp-json\/wp\/v2\/pages\/845339"}],"collection":[{"href":"https:\/\/pulse.microsoft.com\/pt-pt\/wp-json\/wp\/v2\/pages"}],"about":[{"href":"https:\/\/pulse.microsoft.com\/pt-pt\/wp-json\/wp\/v2\/types\/page"}],"author":[{"embeddable":true,"href":"https:\/\/pulse.microsoft.com\/pt-pt\/wp-json\/wp\/v2\/users\/713"}],"replies":[{"embeddable":true,"href":"https:\/\/pulse.microsoft.com\/pt-pt\/wp-json\/wp\/v2\/comments?post=845339"}],"version-history":[{"count":96,"href":"https:\/\/pulse.microsoft.com\/pt-pt\/wp-json\/wp\/v2\/pages\/845339\/revisions"}],"predecessor-version":[{"id":854867,"href":"https:\/\/pulse.microsoft.com\/pt-pt\/wp-json\/wp\/v2\/pages\/845339\/revisions\/854867"}],"wp:featuredmedia":[{"embeddable":true,"href":"https:\/\/pulse.microsoft.com\/pt-pt\/wp-json\/wp\/v2\/media\/849589"}],"wp:attachment":[{"href":"https:\/\/pulse.microsoft.com\/pt-pt\/wp-json\/wp\/v2\/media?parent=845339"}],"curies":[{"name":"wp","href":"https:\/\/api.w.org\/{rel}","templated":true}]}}