{"id":416869,"date":"2020-10-14T12:00:06","date_gmt":"2020-10-14T11:00:06","guid":{"rendered":"https:\/\/pulse.microsoft.com\/o-percurso-para-a-nova-normalidade-ao-impulsionar-a-inovacao-e-a-produtividade-num-mundo-hibrido\/"},"modified":"2021-01-27T17:14:19","modified_gmt":"2021-01-27T16:14:19","slug":"o-percurso-para-a-nova-normalidade-ao-impulsionar-a-inovacao-e-a-produtividade-num-mundo-hibrido","status":"publish","type":"page","link":"https:\/\/pulse.microsoft.com\/pt-pt\/o-percurso-para-a-nova-normalidade-ao-impulsionar-a-inovacao-e-a-produtividade-num-mundo-hibrido\/","title":{"rendered":"Impulsionar o seu neg\u00f3cio num mundo do trabalho h\u00edbrido"},"content":{"rendered":"<p>Explore a forma como o seu neg\u00f3cio pode tornar-se mais produtivo, eficiente e inovador numa cultura de trabalho remota com o novo estudo da BCG e da KRC Research.<\/p>\n","protected":false},"excerpt":{"rendered":"<p>Explore a forma como o seu neg\u00f3cio pode tornar-se mais produtivo, eficiente e inovador numa cultura de trabalho remota com o novo estudo da BCG e da KRC Research.<\/p>\n","protected":false},"author":68,"featured_media":383760,"parent":0,"menu_order":0,"comment_status":"closed","ping_status":"closed","template":"campaign.php","meta":{"footnotes":""},"class_list":["post-416869","page","type-page","status-publish","has-post-thumbnail","hentry"],"_links":{"self":[{"href":"https:\/\/pulse.microsoft.com\/pt-pt\/wp-json\/wp\/v2\/pages\/416869"}],"collection":[{"href":"https:\/\/pulse.microsoft.com\/pt-pt\/wp-json\/wp\/v2\/pages"}],"about":[{"href":"https:\/\/pulse.microsoft.com\/pt-pt\/wp-json\/wp\/v2\/types\/page"}],"author":[{"embeddable":true,"href":"https:\/\/pulse.microsoft.com\/pt-pt\/wp-json\/wp\/v2\/users\/68"}],"replies":[{"embeddable":true,"href":"https:\/\/pulse.microsoft.com\/pt-pt\/wp-json\/wp\/v2\/comments?post=416869"}],"version-history":[{"count":1,"href":"https:\/\/pulse.microsoft.com\/pt-pt\/wp-json\/wp\/v2\/pages\/416869\/revisions"}],"predecessor-version":[{"id":432831,"href":"https:\/\/pulse.microsoft.com\/pt-pt\/wp-json\/wp\/v2\/pages\/416869\/revisions\/432831"}],"wp:featuredmedia":[{"embeddable":true,"href":"https:\/\/pulse.microsoft.com\/pt-pt\/wp-json\/wp\/v2\/media\/383760"}],"wp:attachment":[{"href":"https:\/\/pulse.microsoft.com\/pt-pt\/wp-json\/wp\/v2\/media?parent=416869"}],"curies":[{"name":"wp","href":"https:\/\/api.w.org\/{rel}","templated":true}]}}