{"id":159655,"date":"2018-12-10T16:50:21","date_gmt":"2018-12-10T15:50:21","guid":{"rendered":"https:\/\/pulse.microsoft.com\/?page_id=159655"},"modified":"2019-06-05T10:55:33","modified_gmt":"2019-06-05T09:55:33","slug":"academias-it","status":"publish","type":"page","link":"https:\/\/pulse.microsoft.com\/pt-pt\/academias-it\/","title":{"rendered":"Academias IT"},"content":{"rendered":"<p>O atual mundo digital coloca novos desafios aos alunos e professores do s\u00e9culo XXI e as compet\u00eancias digitais s\u00e3o cada vez mais um fator determinante no contexto acad\u00e9mico e profissional. As Academias Microsoft fornecem a educa\u00e7\u00e3o tecnol\u00f3gica, as compet\u00eancias e as certifica\u00e7\u00f5es em tecnologia reconhecidas pela ind\u00fastria que os estudantes necessitam para terem sucesso no mercado de trabalho.<\/p>\n<h2><strong>Norte<\/strong><\/h2>\n<h3><a href=\"http:\/\/portal3.ipb.pt\/index.php\/pt\/ipb\" target=\"_blank\" rel=\"noopener noreferrer\">Instituto Polit\u00e9cnico de Bragan\u00e7a<\/a><\/h3>\n<h3><a href=\"https:\/\/ipca.pt\/\" target=\"_blank\" rel=\"noopener noreferrer\">Instituto Polit\u00e9cnico do C\u00e1vado e do Ave<\/a><\/h3>\n<div class=\"grid-item\">\n<div class=\"panel panel-default panel-mod-text-img-link\">\n<div class=\"panel-body\">\n<h3><a href=\"https:\/\/www.ipp.pt\/\" target=\"_blank\" rel=\"noopener noreferrer\">Instituto Polit\u00e9cnico do Porto<\/a><\/h3>\n<h3><a href=\"https:\/\/www.ipcb.pt\/\" target=\"_blank\" rel=\"noopener noreferrer\">Instituto Polit\u00e9cnico de Castelo Branco<\/a><\/h3>\n<h3><a href=\"http:\/\/www.esenf.pt\/pt\/\" target=\"_blank\" rel=\"noopener noreferrer\">Escola Superior de Enfermagem do Porto<\/a><\/h3>\n<\/div>\n<\/div>\n<\/div>\n<h2><strong>Centro<\/strong><\/h2>\n<h3><a href=\"https:\/\/www.esenfc.pt\/pt\" target=\"_blank\" rel=\"noopener noreferrer\">Escola Superior de Enfermagem de Coimbra<\/a><\/h3>\n<div class=\"grid-item\">\n<div class=\"panel panel-default panel-mod-text-img-link\">\n<div class=\"panel-body\">\n<h3><a href=\"http:\/\/www.enautica.pt\/\" target=\"_blank\" rel=\"noopener noreferrer\">Escola N\u00e1utica Infante D. Henrique<\/a><\/h3>\n<h3><a href=\"https:\/\/www.ipcb.pt\/\" target=\"_blank\" rel=\"noopener noreferrer\">Instituto Polit\u00e9cnico de Castelo Branco<\/a><\/h3>\n<h3><a href=\"https:\/\/www.ipc.pt\/\" target=\"_blank\" rel=\"noopener noreferrer\">Instituto Polit\u00e9cnico de Coimbra<\/a><\/h3>\n<h3><a href=\"http:\/\/www.ipg.pt\/website\/\" target=\"_blank\" rel=\"noopener noreferrer\">Instituto Polit\u00e9cnico da Guarda<\/a><\/h3>\n<h3><a href=\"https:\/\/www.ipleiria.pt\/\" target=\"_blank\" rel=\"noopener noreferrer\">Instituto Polit\u00e9cnico de Leiria<\/a><\/h3>\n<h3><a href=\"http:\/\/www.si.ips.pt\/ips_si\/web_page.inicial\" target=\"_blank\" rel=\"noopener noreferrer\">Instituto Polit\u00e9cnico de Set\u00fabal<\/a><\/h3>\n<h3><a href=\"https:\/\/www.ipportalegre.pt\/pt\/\" target=\"_blank\" rel=\"noopener noreferrer\">Instituto Polit\u00e9cnico de Portalegre<\/a><\/h3>\n<h3><a href=\"http:\/\/www.ipsantarem.pt\/pt\/home\/\" target=\"_blank\" rel=\"noopener noreferrer\">Instituto Polit\u00e9cnico de Santar\u00e9m<\/a><\/h3>\n<h3><a href=\"https:\/\/www.esel.pt\/esel\/pt\" target=\"_blank\" rel=\"noopener noreferrer\">Escola Superior de Enfermagem de Lisboa<\/a><\/h3>\n<h3><a href=\"http:\/\/portal2.ipt.pt\/\" target=\"_blank\" rel=\"noopener noreferrer\">Instituto Polit\u00e9cnico de Tomar<\/a><\/h3>\n<h3><a href=\"http:\/\/www.ipv.pt\/\" target=\"_blank\" rel=\"noopener noreferrer\">Instituto Polit\u00e9cnico de Viseu<\/a><\/h3>\n<h3><a href=\"http:\/\/www.eshte.pt\/\" target=\"_blank\" rel=\"noopener noreferrer\">Escola Superior de Hotelaria e Turismo do Estoril<\/a><\/h3>\n<h3><a href=\"http:\/\/www.ua.pt\/\" target=\"_blank\" rel=\"noopener noreferrer\">Universidade de Aveiro<\/a><\/h3>\n<\/div>\n<\/div>\n<\/div>\n<h2><strong>Sul<\/strong><\/h2>\n<h3><a href=\"https:\/\/www.ipbeja.pt\/Paginas\/default.aspx\" target=\"_blank\" rel=\"noopener noreferrer\">Instituto Polit\u00e9cnico de Beja<\/a><\/h3>\n<div class=\"grid-item\">\n<div class=\"panel panel-default panel-mod-text-img-link\">\n<h3><a href=\"https:\/\/www.ualg.pt\/pt\" target=\"_blank\" rel=\"noopener noreferrer\">Universidade do Algarve<\/a><\/h3>\n<\/div>\n<\/div>\n<h2><strong>Ilhas<\/strong><\/h2>\n<h3><a href=\"https:\/\/www.uma.pt\/\" target=\"_blank\" rel=\"noopener noreferrer\">Universidade da Madeira<\/a><\/h3>\n","protected":false},"excerpt":{"rendered":"<p>O atual mundo digital coloca novos desafios aos alunos e professores do s\u00e9culo XXI e as compet\u00eancias digitais s\u00e3o cada vez mais um fator determinante no contexto acad\u00e9mico e profissional. As Academias Microsoft fornecem a educa\u00e7\u00e3o tecnol\u00f3gica, as compet\u00eancias e as certifica\u00e7\u00f5es em tecnologia reconhecidas pela ind\u00fastria que os estudantes necessitam para terem sucesso no [&hellip;]<\/p>\n","protected":false},"author":107,"featured_media":181818,"parent":0,"menu_order":0,"comment_status":"closed","ping_status":"closed","template":"","meta":{"footnotes":""},"class_list":["post-159655","page","type-page","status-publish","has-post-thumbnail","hentry"],"_links":{"self":[{"href":"https:\/\/pulse.microsoft.com\/pt-pt\/wp-json\/wp\/v2\/pages\/159655"}],"collection":[{"href":"https:\/\/pulse.microsoft.com\/pt-pt\/wp-json\/wp\/v2\/pages"}],"about":[{"href":"https:\/\/pulse.microsoft.com\/pt-pt\/wp-json\/wp\/v2\/types\/page"}],"author":[{"embeddable":true,"href":"https:\/\/pulse.microsoft.com\/pt-pt\/wp-json\/wp\/v2\/users\/107"}],"replies":[{"embeddable":true,"href":"https:\/\/pulse.microsoft.com\/pt-pt\/wp-json\/wp\/v2\/comments?post=159655"}],"version-history":[{"count":14,"href":"https:\/\/pulse.microsoft.com\/pt-pt\/wp-json\/wp\/v2\/pages\/159655\/revisions"}],"predecessor-version":[{"id":248387,"href":"https:\/\/pulse.microsoft.com\/pt-pt\/wp-json\/wp\/v2\/pages\/159655\/revisions\/248387"}],"wp:featuredmedia":[{"embeddable":true,"href":"https:\/\/pulse.microsoft.com\/pt-pt\/wp-json\/wp\/v2\/media\/181818"}],"wp:attachment":[{"href":"https:\/\/pulse.microsoft.com\/pt-pt\/wp-json\/wp\/v2\/media?parent=159655"}],"curies":[{"name":"wp","href":"https:\/\/api.w.org\/{rel}","templated":true}]}}