{"id":532387,"date":"2021-03-23T18:08:07","date_gmt":"2021-03-23T17:08:07","guid":{"rendered":"https:\/\/pulse.microsoft.com\/immersion-workshops\/"},"modified":"2022-07-07T10:53:41","modified_gmt":"2022-07-07T09:53:41","slug":"discover-workshops","status":"publish","type":"page","link":"https:\/\/pulse.microsoft.com\/nb-no\/discover-workshops\/","title":{"rendered":"Microsoft Discover Workshops"},"content":{"rendered":"<p>Gj\u00f8r deg klar til \u00e5 frigj\u00f8re kapasiteten til teamet ditt og utforsk alle mulighetene for \u00e5 sikre fremtidig suksess. En Microsoft Discover workshop er en fantastisk m\u00e5te \u00e5 f\u00e5 en hands-on opplevelse med Microsofts sine produkter og l\u00f8sninger, tilpasset dine behov og interesser.<\/p>\n","protected":false},"excerpt":{"rendered":"<p>Gj\u00f8r deg klar til \u00e5 frigj\u00f8re kapasiteten til teamet ditt og utforsk alle mulighetene for \u00e5 sikre fremtidig suksess. En Microsoft Discover workshop er en fantastisk m\u00e5te \u00e5 f\u00e5 en hands-on opplevelse med Microsofts sine produkter og l\u00f8sninger, tilpasset dine behov og interesser.<\/p>\n","protected":false},"author":792,"featured_media":526449,"parent":0,"menu_order":0,"comment_status":"closed","ping_status":"closed","template":"campaign.php","meta":{"footnotes":""},"class_list":["post-532387","page","type-page","status-publish","has-post-thumbnail","hentry"],"_links":{"self":[{"href":"https:\/\/pulse.microsoft.com\/nb-no\/wp-json\/wp\/v2\/pages\/532387"}],"collection":[{"href":"https:\/\/pulse.microsoft.com\/nb-no\/wp-json\/wp\/v2\/pages"}],"about":[{"href":"https:\/\/pulse.microsoft.com\/nb-no\/wp-json\/wp\/v2\/types\/page"}],"author":[{"embeddable":true,"href":"https:\/\/pulse.microsoft.com\/nb-no\/wp-json\/wp\/v2\/users\/792"}],"replies":[{"embeddable":true,"href":"https:\/\/pulse.microsoft.com\/nb-no\/wp-json\/wp\/v2\/comments?post=532387"}],"version-history":[{"count":12,"href":"https:\/\/pulse.microsoft.com\/nb-no\/wp-json\/wp\/v2\/pages\/532387\/revisions"}],"predecessor-version":[{"id":712362,"href":"https:\/\/pulse.microsoft.com\/nb-no\/wp-json\/wp\/v2\/pages\/532387\/revisions\/712362"}],"wp:featuredmedia":[{"embeddable":true,"href":"https:\/\/pulse.microsoft.com\/nb-no\/wp-json\/wp\/v2\/media\/526449"}],"wp:attachment":[{"href":"https:\/\/pulse.microsoft.com\/nb-no\/wp-json\/wp\/v2\/media?parent=532387"}],"curies":[{"name":"wp","href":"https:\/\/api.w.org\/{rel}","templated":true}]}}