{"id":492917,"date":"2021-05-10T11:12:01","date_gmt":"2021-05-10T10:12:01","guid":{"rendered":"https:\/\/pulse.microsoft.com\/?page_id=492917"},"modified":"2021-05-10T12:46:34","modified_gmt":"2021-05-10T11:46:34","slug":"utforsk-utdanningsversjonen-av-m365","status":"publish","type":"page","link":"https:\/\/pulse.microsoft.com\/nb-no\/utforsk-utdanningsversjonen-av-m365\/","title":{"rendered":"Utforsk utdanningsversjonen av M365"},"content":{"rendered":"<p>Er du klar for \u00e5 utforske de forskjellige verkt\u00f8yene utdanningsversjonen av M365 har \u00e5 tilby? Ta en titt her!<\/p>\n","protected":false},"excerpt":{"rendered":"<p>Er du klar for \u00e5 utforske de forskjellige verkt\u00f8yene utdanningsversjonen av M365 har \u00e5 tilby? Ta en titt her!<\/p>\n","protected":false},"author":264,"featured_media":492923,"parent":0,"menu_order":0,"comment_status":"closed","ping_status":"closed","template":"campaign.php","meta":{"footnotes":""},"class_list":["post-492917","page","type-page","status-publish","has-post-thumbnail","hentry"],"_links":{"self":[{"href":"https:\/\/pulse.microsoft.com\/nb-no\/wp-json\/wp\/v2\/pages\/492917"}],"collection":[{"href":"https:\/\/pulse.microsoft.com\/nb-no\/wp-json\/wp\/v2\/pages"}],"about":[{"href":"https:\/\/pulse.microsoft.com\/nb-no\/wp-json\/wp\/v2\/types\/page"}],"author":[{"embeddable":true,"href":"https:\/\/pulse.microsoft.com\/nb-no\/wp-json\/wp\/v2\/users\/264"}],"replies":[{"embeddable":true,"href":"https:\/\/pulse.microsoft.com\/nb-no\/wp-json\/wp\/v2\/comments?post=492917"}],"version-history":[{"count":19,"href":"https:\/\/pulse.microsoft.com\/nb-no\/wp-json\/wp\/v2\/pages\/492917\/revisions"}],"predecessor-version":[{"id":493790,"href":"https:\/\/pulse.microsoft.com\/nb-no\/wp-json\/wp\/v2\/pages\/492917\/revisions\/493790"}],"wp:featuredmedia":[{"embeddable":true,"href":"https:\/\/pulse.microsoft.com\/nb-no\/wp-json\/wp\/v2\/media\/492923"}],"wp:attachment":[{"href":"https:\/\/pulse.microsoft.com\/nb-no\/wp-json\/wp\/v2\/media?parent=492917"}],"curies":[{"name":"wp","href":"https:\/\/api.w.org\/{rel}","templated":true}]}}