{"id":461800,"date":"2021-03-16T09:19:36","date_gmt":"2021-03-16T08:19:36","guid":{"rendered":"https:\/\/pulse.microsoft.com\/?page_id=461800"},"modified":"2021-08-10T14:15:44","modified_gmt":"2021-08-10T13:15:44","slug":"jurykriterier-evaluering-og-premier","status":"publish","type":"page","link":"https:\/\/pulse.microsoft.com\/nb-no\/jurykriterier-evaluering-og-premier\/","title":{"rendered":"Jurykriterier, evaluering og premier"},"content":{"rendered":"\n<p>Jurymedlemmene vil vurdere hvert lag og gi en poengsum fra 1-10 basert p\u00e5 f\u00f8lgende kriterier: <\/p>\n<p>1. Relevans: Hvor relevant er id\u00e9en og l\u00f8sningen?  <\/p>\n<p>2. Brukervennlighet: Hvor intuitiv og brukervennlig er l\u00f8sningen? <\/p>\n<p>3. Fremtidsrettet: Hvor stor grad er l\u00f8sningen rigget for fremtiden?  <\/p>\n<p>4. Gjennomf\u00f8rbar: Hvor sannsynlig er det \u00e5 sette l\u00f8sningen ut i livet? <\/p>\n<p>5. B\u00e6rekraftig: I hvor stor grad er l\u00f8sningen i tr\u00e5d med FNs b\u00e6rekraftsm\u00e5l? <\/p>\n<p>6. Teknologivalg: I hvor stor grad har deltakende lag benyttet Microsoft Teams og tilknyttet teknologi for \u00e5 f\u00e5 til ideen og l\u00f8sningen? Tips: Arkitekturskisse vil hjelpe med \u00e5 tydeliggj\u00f8re teknologivalg.  <\/p>\n<p>Hva m\u00e5 ditt lag levere inn for \u00e5 kvalifisere som kandidat til \u00e5 vinne innovasjonskonkurransen? <\/p>\n<p>1. Skriftlig og visuell fremstilling av problemstillingen dere har valgt og forklaring av den digitale l\u00f8sningen dere har kommet frem til. Lever i PDF format max 10 sider (gj\u00f8r om PowerPoint til PDF format f\u00f8r innlevering). <\/p>\n<p>2. Arkitekturskisse, 1-2 sider, PowerPoint til PDF format. <\/p>\n<p>3. Beskrivelse av ditt team og hvordan dere har jobbet under innovasjonskonkurransen. Max 400 ord. <\/p>\n<p>Frist for innlevering av overnevnte er: torsdag 29. september kl 17.00.<br \/>\nInnlevering vil skje i den private kanalen ditt lag f\u00e5r i Teams-gruppen for arrangementet n\u00e5r dere er meldt p\u00e5. Meld deg p\u00e5 i dag. <\/p>\n<p>Premier <\/p>\n<p>F\u00f8rsteplass \u2013 \u2018\u00c5rets innovative organisasjon innen offentlig sektor 2021\u2019 av Microsoft<br \/>\nGis til den gruppen som har f\u00e5tt h\u00f8yest poengsum fra juryen. <\/p>\n<p>Premie blir annonsert snart.  <\/p>\n<p>Det vil ogs\u00e5 bli annonsert mindre utmerkelser og premier i l\u00f8pet av konkurransen.  <\/p>\n<p>Vi oppdaterer med mer informasjon snart. <\/p>\n","protected":false},"excerpt":{"rendered":"<p>Jurymedlemmene vil vurdere hvert lag og gi en poengsum fra 1-10 basert p\u00e5 f\u00f8lgende kriterier: 1. Relevans: Hvor relevant er id\u00e9en og l\u00f8sningen? 2. Brukervennlighet: Hvor intuitiv og brukervennlig er l\u00f8sningen? 3. Fremtidsrettet: Hvor stor grad er l\u00f8sningen rigget for fremtiden? 4. Gjennomf\u00f8rbar: Hvor sannsynlig er det \u00e5 sette l\u00f8sningen ut i livet? 5. B\u00e6rekraftig: [&hellip;]<\/p>\n","protected":false},"author":342,"featured_media":463030,"parent":0,"menu_order":0,"comment_status":"closed","ping_status":"closed","template":"","meta":{"footnotes":""},"class_list":["post-461800","page","type-page","status-publish","has-post-thumbnail","hentry"],"_links":{"self":[{"href":"https:\/\/pulse.microsoft.com\/nb-no\/wp-json\/wp\/v2\/pages\/461800"}],"collection":[{"href":"https:\/\/pulse.microsoft.com\/nb-no\/wp-json\/wp\/v2\/pages"}],"about":[{"href":"https:\/\/pulse.microsoft.com\/nb-no\/wp-json\/wp\/v2\/types\/page"}],"author":[{"embeddable":true,"href":"https:\/\/pulse.microsoft.com\/nb-no\/wp-json\/wp\/v2\/users\/342"}],"replies":[{"embeddable":true,"href":"https:\/\/pulse.microsoft.com\/nb-no\/wp-json\/wp\/v2\/comments?post=461800"}],"version-history":[{"count":3,"href":"https:\/\/pulse.microsoft.com\/nb-no\/wp-json\/wp\/v2\/pages\/461800\/revisions"}],"predecessor-version":[{"id":535919,"href":"https:\/\/pulse.microsoft.com\/nb-no\/wp-json\/wp\/v2\/pages\/461800\/revisions\/535919"}],"wp:featuredmedia":[{"embeddable":true,"href":"https:\/\/pulse.microsoft.com\/nb-no\/wp-json\/wp\/v2\/media\/463030"}],"wp:attachment":[{"href":"https:\/\/pulse.microsoft.com\/nb-no\/wp-json\/wp\/v2\/media?parent=461800"}],"curies":[{"name":"wp","href":"https:\/\/api.w.org\/{rel}","templated":true}]}}