{"id":461791,"date":"2021-03-16T09:12:31","date_gmt":"2021-03-16T08:12:31","guid":{"rendered":"https:\/\/pulse.microsoft.com\/?page_id=461791"},"modified":"2021-09-23T11:09:18","modified_gmt":"2021-09-23T10:09:18","slug":"program-28-30-april-2021","status":"publish","type":"page","link":"https:\/\/pulse.microsoft.com\/nb-no\/program-28-30-april-2021\/","title":{"rendered":"Program 28. \u2013 30. september 2021"},"content":{"rendered":"<p>Her finner du komplett program for de 2 dagene hvor selve innovasjonskonkurransen p\u00e5g\u00e5r, 28. og 29. september, samt live-sendt sesjon med k\u00e5ring av vinnerlaget til \u2018\u00c5rets innovative organisasjon innen offentlig sektor\u2019 av Microsoft den 30. september. <\/p>\n","protected":false},"excerpt":{"rendered":"<p>Her finner du komplett program for de 2 dagene hvor selve innovasjonskonkurransen p\u00e5g\u00e5r, 28. og 29. september, samt live-sendt sesjon med k\u00e5ring av vinnerlaget til \u2018\u00c5rets innovative organisasjon innen offentlig sektor\u2019 av Microsoft den 30. september.<\/p>\n","protected":false},"author":342,"featured_media":463030,"parent":0,"menu_order":0,"comment_status":"closed","ping_status":"closed","template":"campaign.php","meta":{"footnotes":""},"class_list":["post-461791","page","type-page","status-publish","has-post-thumbnail","hentry"],"_links":{"self":[{"href":"https:\/\/pulse.microsoft.com\/nb-no\/wp-json\/wp\/v2\/pages\/461791"}],"collection":[{"href":"https:\/\/pulse.microsoft.com\/nb-no\/wp-json\/wp\/v2\/pages"}],"about":[{"href":"https:\/\/pulse.microsoft.com\/nb-no\/wp-json\/wp\/v2\/types\/page"}],"author":[{"embeddable":true,"href":"https:\/\/pulse.microsoft.com\/nb-no\/wp-json\/wp\/v2\/users\/342"}],"replies":[{"embeddable":true,"href":"https:\/\/pulse.microsoft.com\/nb-no\/wp-json\/wp\/v2\/comments?post=461791"}],"version-history":[{"count":20,"href":"https:\/\/pulse.microsoft.com\/nb-no\/wp-json\/wp\/v2\/pages\/461791\/revisions"}],"predecessor-version":[{"id":554411,"href":"https:\/\/pulse.microsoft.com\/nb-no\/wp-json\/wp\/v2\/pages\/461791\/revisions\/554411"}],"wp:featuredmedia":[{"embeddable":true,"href":"https:\/\/pulse.microsoft.com\/nb-no\/wp-json\/wp\/v2\/media\/463030"}],"wp:attachment":[{"href":"https:\/\/pulse.microsoft.com\/nb-no\/wp-json\/wp\/v2\/media?parent=461791"}],"curies":[{"name":"wp","href":"https:\/\/api.w.org\/{rel}","templated":true}]}}