{"id":417307,"date":"2020-12-18T12:54:43","date_gmt":"2020-12-18T11:54:43","guid":{"rendered":"https:\/\/pulse.microsoft.com\/?page_id=417307"},"modified":"2026-04-17T11:31:16","modified_gmt":"2026-04-17T10:31:16","slug":"microsoft-norge-virituelle-arrangementer","status":"publish","type":"page","link":"https:\/\/pulse.microsoft.com\/nb-no\/microsoft-norge-virituelle-arrangementer\/","title":{"rendered":"Delta p\u00e5 Microsoft-eventer!"},"content":{"rendered":"<p>Her finner du Microsofts kommende arrangementer, virtuelle treningsdager og workshoper. Flere av aktivitetene kj\u00f8res p\u00e5 engelsk. Sjekk ogs\u00e5 ut v\u00e5r blogg for nyheter, meninger og relevante artikler p\u00e5 <a href=\"http:\/\/www.aka.ms\/microsoftblogg\">www.aka.ms\/microsoftblogg<\/a><\/p>\n","protected":false},"excerpt":{"rendered":"<p>Her finner du Microsofts kommende arrangementer, virtuelle treningsdager og workshoper. Flere av aktivitetene kj\u00f8res p\u00e5 engelsk. Sjekk ogs\u00e5 ut v\u00e5r blogg for nyheter, meninger og relevante artikler p\u00e5 www.aka.ms\/microsoftblogg<\/p>\n","protected":false},"author":342,"featured_media":425169,"parent":0,"menu_order":0,"comment_status":"closed","ping_status":"closed","template":"campaign.php","meta":{"footnotes":""},"class_list":["post-417307","page","type-page","status-publish","has-post-thumbnail","hentry"],"_links":{"self":[{"href":"https:\/\/pulse.microsoft.com\/nb-no\/wp-json\/wp\/v2\/pages\/417307"}],"collection":[{"href":"https:\/\/pulse.microsoft.com\/nb-no\/wp-json\/wp\/v2\/pages"}],"about":[{"href":"https:\/\/pulse.microsoft.com\/nb-no\/wp-json\/wp\/v2\/types\/page"}],"author":[{"embeddable":true,"href":"https:\/\/pulse.microsoft.com\/nb-no\/wp-json\/wp\/v2\/users\/342"}],"replies":[{"embeddable":true,"href":"https:\/\/pulse.microsoft.com\/nb-no\/wp-json\/wp\/v2\/comments?post=417307"}],"version-history":[{"count":383,"href":"https:\/\/pulse.microsoft.com\/nb-no\/wp-json\/wp\/v2\/pages\/417307\/revisions"}],"predecessor-version":[{"id":1098783,"href":"https:\/\/pulse.microsoft.com\/nb-no\/wp-json\/wp\/v2\/pages\/417307\/revisions\/1098783"}],"wp:featuredmedia":[{"embeddable":true,"href":"https:\/\/pulse.microsoft.com\/nb-no\/wp-json\/wp\/v2\/media\/425169"}],"wp:attachment":[{"href":"https:\/\/pulse.microsoft.com\/nb-no\/wp-json\/wp\/v2\/media?parent=417307"}],"curies":[{"name":"wp","href":"https:\/\/api.w.org\/{rel}","templated":true}]}}