{"id":374314,"date":"2020-09-17T14:28:14","date_gmt":"2020-09-17T13:28:14","guid":{"rendered":"https:\/\/pulse.microsoft.com\/?page_id=374314"},"modified":"2023-07-20T11:42:00","modified_gmt":"2023-07-20T10:42:00","slug":"microsoft-discover-business-applications-workshops","status":"publish","type":"page","link":"https:\/\/pulse.microsoft.com\/nb-no\/microsoft-discover-business-applications-workshops\/","title":{"rendered":"Business Applications Discover Workshops"},"content":{"rendered":"<p>Opplev en workshop som er skreddersydd for dine spesifikke behov med alt fra salg til markedsf\u00f8ring. Frigj\u00f8r potensialet i organisasjonen din ved \u00e5 fjerne datasiloer og ved \u00e5 koble kunder, produkter, mennesker, aktiviteter &#8211; og mye mer. Ta det f\u00f8rste steget med v\u00e5re workshoper.<\/p>\n","protected":false},"excerpt":{"rendered":"<p>Opplev en workshop som er skreddersydd for dine spesifikke behov med alt fra salg til markedsf\u00f8ring. Frigj\u00f8r potensialet i organisasjonen din ved \u00e5 fjerne datasiloer og ved \u00e5 koble kunder, produkter, mennesker, aktiviteter &#8211; og mye mer. Ta det f\u00f8rste steget med v\u00e5re workshoper.<\/p>\n","protected":false},"author":342,"featured_media":373265,"parent":0,"menu_order":0,"comment_status":"closed","ping_status":"closed","template":"campaign.php","meta":{"footnotes":""},"class_list":["post-374314","page","type-page","status-publish","has-post-thumbnail","hentry"],"_links":{"self":[{"href":"https:\/\/pulse.microsoft.com\/nb-no\/wp-json\/wp\/v2\/pages\/374314"}],"collection":[{"href":"https:\/\/pulse.microsoft.com\/nb-no\/wp-json\/wp\/v2\/pages"}],"about":[{"href":"https:\/\/pulse.microsoft.com\/nb-no\/wp-json\/wp\/v2\/types\/page"}],"author":[{"embeddable":true,"href":"https:\/\/pulse.microsoft.com\/nb-no\/wp-json\/wp\/v2\/users\/342"}],"replies":[{"embeddable":true,"href":"https:\/\/pulse.microsoft.com\/nb-no\/wp-json\/wp\/v2\/comments?post=374314"}],"version-history":[{"count":57,"href":"https:\/\/pulse.microsoft.com\/nb-no\/wp-json\/wp\/v2\/pages\/374314\/revisions"}],"predecessor-version":[{"id":846116,"href":"https:\/\/pulse.microsoft.com\/nb-no\/wp-json\/wp\/v2\/pages\/374314\/revisions\/846116"}],"wp:featuredmedia":[{"embeddable":true,"href":"https:\/\/pulse.microsoft.com\/nb-no\/wp-json\/wp\/v2\/media\/373265"}],"wp:attachment":[{"href":"https:\/\/pulse.microsoft.com\/nb-no\/wp-json\/wp\/v2\/media?parent=374314"}],"curies":[{"name":"wp","href":"https:\/\/api.w.org\/{rel}","templated":true}]}}