{"id":365737,"date":"2020-08-19T12:59:05","date_gmt":"2020-08-19T11:59:05","guid":{"rendered":"https:\/\/pulse.microsoft.com\/?page_id=365737"},"modified":"2023-11-01T09:27:55","modified_gmt":"2023-11-01T08:27:55","slug":"microsoft-discover-modern-work-workshops","status":"publish","type":"page","link":"https:\/\/pulse.microsoft.com\/nb-no\/microsoft-discover-modern-work-workshops\/","title":{"rendered":"Modern Work Workshops"},"content":{"rendered":"<p>Arbeidsplassen er i endring, og det er forventningene til de ansatte ogs\u00e5. Det er nye arbeidskulturer, modeller og nye trender. For \u00e5 gj\u00f8re denne endringen mulig kreves det en kombinasjon av organisasjonsendring, gjennomtenkt arbeidsplassdesign &#8211; og riktig teknologi.<\/p>\n","protected":false},"excerpt":{"rendered":"<p>Arbeidsplassen er i endring, og det er forventningene til de ansatte ogs\u00e5. Det er nye arbeidskulturer, modeller og nye trender. For \u00e5 gj\u00f8re denne endringen mulig kreves det en kombinasjon av organisasjonsendring, gjennomtenkt arbeidsplassdesign &#8211; og riktig teknologi.<\/p>\n","protected":false},"author":342,"featured_media":358107,"parent":0,"menu_order":0,"comment_status":"closed","ping_status":"closed","template":"campaign.php","meta":{"footnotes":""},"class_list":["post-365737","page","type-page","status-publish","has-post-thumbnail","hentry"],"_links":{"self":[{"href":"https:\/\/pulse.microsoft.com\/nb-no\/wp-json\/wp\/v2\/pages\/365737"}],"collection":[{"href":"https:\/\/pulse.microsoft.com\/nb-no\/wp-json\/wp\/v2\/pages"}],"about":[{"href":"https:\/\/pulse.microsoft.com\/nb-no\/wp-json\/wp\/v2\/types\/page"}],"author":[{"embeddable":true,"href":"https:\/\/pulse.microsoft.com\/nb-no\/wp-json\/wp\/v2\/users\/342"}],"replies":[{"embeddable":true,"href":"https:\/\/pulse.microsoft.com\/nb-no\/wp-json\/wp\/v2\/comments?post=365737"}],"version-history":[{"count":105,"href":"https:\/\/pulse.microsoft.com\/nb-no\/wp-json\/wp\/v2\/pages\/365737\/revisions"}],"predecessor-version":[{"id":859571,"href":"https:\/\/pulse.microsoft.com\/nb-no\/wp-json\/wp\/v2\/pages\/365737\/revisions\/859571"}],"wp:featuredmedia":[{"embeddable":true,"href":"https:\/\/pulse.microsoft.com\/nb-no\/wp-json\/wp\/v2\/media\/358107"}],"wp:attachment":[{"href":"https:\/\/pulse.microsoft.com\/nb-no\/wp-json\/wp\/v2\/media?parent=365737"}],"curies":[{"name":"wp","href":"https:\/\/api.w.org\/{rel}","templated":true}]}}