{"id":365698,"date":"2020-08-19T12:19:32","date_gmt":"2020-08-19T11:19:32","guid":{"rendered":"https:\/\/pulse.microsoft.com\/?page_id=365698"},"modified":"2023-11-01T09:26:20","modified_gmt":"2023-11-01T08:26:20","slug":"microsoft-azure-immersion-workshops","status":"publish","type":"page","link":"https:\/\/pulse.microsoft.com\/nb-no\/microsoft-azure-immersion-workshops\/","title":{"rendered":"Azure Immersion Workshops"},"content":{"rendered":"<p>Disse workshopene gir deg det lille ekstra som trengs for \u00e5 kunne forvandle ideene dine til l\u00f8sninger i skyen. Utforsk Microsoft Azure og oppdag mulighetene med p\u00e5litelige verkt\u00f8y, tilpasset dine behov<\/p>\n","protected":false},"excerpt":{"rendered":"<p>Disse workshopene gir deg det lille ekstra som trengs for \u00e5 kunne forvandle ideene dine til l\u00f8sninger i skyen. Utforsk Microsoft Azure og oppdag mulighetene med p\u00e5litelige verkt\u00f8y, tilpasset dine behov<\/p>\n","protected":false},"author":342,"featured_media":597864,"parent":0,"menu_order":0,"comment_status":"closed","ping_status":"closed","template":"campaign.php","meta":{"footnotes":""},"class_list":["post-365698","page","type-page","status-publish","has-post-thumbnail","hentry"],"_links":{"self":[{"href":"https:\/\/pulse.microsoft.com\/nb-no\/wp-json\/wp\/v2\/pages\/365698"}],"collection":[{"href":"https:\/\/pulse.microsoft.com\/nb-no\/wp-json\/wp\/v2\/pages"}],"about":[{"href":"https:\/\/pulse.microsoft.com\/nb-no\/wp-json\/wp\/v2\/types\/page"}],"author":[{"embeddable":true,"href":"https:\/\/pulse.microsoft.com\/nb-no\/wp-json\/wp\/v2\/users\/342"}],"replies":[{"embeddable":true,"href":"https:\/\/pulse.microsoft.com\/nb-no\/wp-json\/wp\/v2\/comments?post=365698"}],"version-history":[{"count":152,"href":"https:\/\/pulse.microsoft.com\/nb-no\/wp-json\/wp\/v2\/pages\/365698\/revisions"}],"predecessor-version":[{"id":859569,"href":"https:\/\/pulse.microsoft.com\/nb-no\/wp-json\/wp\/v2\/pages\/365698\/revisions\/859569"}],"wp:featuredmedia":[{"embeddable":true,"href":"https:\/\/pulse.microsoft.com\/nb-no\/wp-json\/wp\/v2\/media\/597864"}],"wp:attachment":[{"href":"https:\/\/pulse.microsoft.com\/nb-no\/wp-json\/wp\/v2\/media?parent=365698"}],"curies":[{"name":"wp","href":"https:\/\/api.w.org\/{rel}","templated":true}]}}