{"id":205346,"date":"2019-02-12T09:56:45","date_gmt":"2019-02-12T08:56:45","guid":{"rendered":"https:\/\/pulse.microsoft.com\/?page_id=205346"},"modified":"2019-04-25T09:54:22","modified_gmt":"2019-04-25T08:54:22","slug":"business-application-partnere","status":"publish","type":"page","link":"https:\/\/pulse.microsoft.com\/nb-no\/business-application-partnere\/","title":{"rendered":"Business Application partnere"},"content":{"rendered":"<p>\u00abMicrosofts forretningsapplikasjoner har ett fantastisk moment i det norske markedet. \u00d8nsker du \u00e5 jobbe med ett av verdens mest innovative selskaper og det siste innen teknologi? Ta kontakt med en av v\u00e5re partnere for \u00e5 h\u00f8re mer\u00bb<\/p>\n<p>&nbsp;<\/p>\n","protected":false},"excerpt":{"rendered":"<p>\u00abMicrosofts forretningsapplikasjoner har ett fantastisk moment i det norske markedet. \u00d8nsker du \u00e5 jobbe med ett av verdens mest innovative selskaper og det siste innen teknologi? Ta kontakt med en av v\u00e5re partnere for \u00e5 h\u00f8re mer\u00bb &nbsp;<\/p>\n","protected":false},"author":342,"featured_media":183886,"parent":0,"menu_order":0,"comment_status":"closed","ping_status":"closed","template":"campaign.php","meta":{"footnotes":""},"class_list":["post-205346","page","type-page","status-publish","has-post-thumbnail","hentry"],"_links":{"self":[{"href":"https:\/\/pulse.microsoft.com\/nb-no\/wp-json\/wp\/v2\/pages\/205346"}],"collection":[{"href":"https:\/\/pulse.microsoft.com\/nb-no\/wp-json\/wp\/v2\/pages"}],"about":[{"href":"https:\/\/pulse.microsoft.com\/nb-no\/wp-json\/wp\/v2\/types\/page"}],"author":[{"embeddable":true,"href":"https:\/\/pulse.microsoft.com\/nb-no\/wp-json\/wp\/v2\/users\/342"}],"replies":[{"embeddable":true,"href":"https:\/\/pulse.microsoft.com\/nb-no\/wp-json\/wp\/v2\/comments?post=205346"}],"version-history":[{"count":2,"href":"https:\/\/pulse.microsoft.com\/nb-no\/wp-json\/wp\/v2\/pages\/205346\/revisions"}],"predecessor-version":[{"id":221877,"href":"https:\/\/pulse.microsoft.com\/nb-no\/wp-json\/wp\/v2\/pages\/205346\/revisions\/221877"}],"wp:featuredmedia":[{"embeddable":true,"href":"https:\/\/pulse.microsoft.com\/nb-no\/wp-json\/wp\/v2\/media\/183886"}],"wp:attachment":[{"href":"https:\/\/pulse.microsoft.com\/nb-no\/wp-json\/wp\/v2\/media?parent=205346"}],"curies":[{"name":"wp","href":"https:\/\/api.w.org\/{rel}","templated":true}]}}