{"id":808737,"date":"2023-03-14T10:56:16","date_gmt":"2023-03-14T09:56:16","guid":{"rendered":"https:\/\/pulse.microsoft.com\/?page_id=808737"},"modified":"2023-03-14T12:34:07","modified_gmt":"2023-03-14T11:34:07","slug":"accessibilita-inclusione","status":"publish","type":"page","link":"https:\/\/pulse.microsoft.com\/it-it\/accessibilita-inclusione\/","title":{"rendered":"Accessibilit\u00e0 &#038; Inclusione"},"content":{"rendered":"<p>Progetto-piattaforma per parlare e far parlare di accessibilit\u00e0, con soluzioni concrete e un focus specifico sulle opportunit\u00e0 offerte dalle nuove tecnologie (e AI in particolare) per trasformare la diversit\u00e0 in un valore reale di crescita e differenziazione per tutti.<\/p>\n","protected":false},"excerpt":{"rendered":"<p>Progetto-piattaforma per parlare e far parlare di accessibilit\u00e0, con soluzioni concrete e un focus specifico sulle opportunit\u00e0 offerte dalle nuove tecnologie (e AI in particolare) per trasformare la diversit\u00e0 in un valore reale di crescita e differenziazione per tutti.<\/p>\n","protected":false},"author":560,"featured_media":809008,"parent":0,"menu_order":0,"comment_status":"closed","ping_status":"closed","template":"campaign.php","meta":{"footnotes":""},"class_list":["post-808737","page","type-page","status-publish","has-post-thumbnail","hentry"],"_links":{"self":[{"href":"https:\/\/pulse.microsoft.com\/it-it\/wp-json\/wp\/v2\/pages\/808737"}],"collection":[{"href":"https:\/\/pulse.microsoft.com\/it-it\/wp-json\/wp\/v2\/pages"}],"about":[{"href":"https:\/\/pulse.microsoft.com\/it-it\/wp-json\/wp\/v2\/types\/page"}],"author":[{"embeddable":true,"href":"https:\/\/pulse.microsoft.com\/it-it\/wp-json\/wp\/v2\/users\/560"}],"replies":[{"embeddable":true,"href":"https:\/\/pulse.microsoft.com\/it-it\/wp-json\/wp\/v2\/comments?post=808737"}],"version-history":[{"count":6,"href":"https:\/\/pulse.microsoft.com\/it-it\/wp-json\/wp\/v2\/pages\/808737\/revisions"}],"predecessor-version":[{"id":809244,"href":"https:\/\/pulse.microsoft.com\/it-it\/wp-json\/wp\/v2\/pages\/808737\/revisions\/809244"}],"wp:featuredmedia":[{"embeddable":true,"href":"https:\/\/pulse.microsoft.com\/it-it\/wp-json\/wp\/v2\/media\/809008"}],"wp:attachment":[{"href":"https:\/\/pulse.microsoft.com\/it-it\/wp-json\/wp\/v2\/media?parent=808737"}],"curies":[{"name":"wp","href":"https:\/\/api.w.org\/{rel}","templated":true}]}}