{"id":419801,"date":"2020-10-14T12:00:06","date_gmt":"2020-10-14T11:00:06","guid":{"rendered":"https:\/\/pulse.microsoft.com\/sur-la-voie-de-la-nouvelle-norme-favoriser-linnovation-et-la-productivite-au-sein-dun-monde-hybride\/"},"modified":"2021-01-27T16:09:25","modified_gmt":"2021-01-27T15:09:25","slug":"sur-la-voie-de-la-nouvelle-norme-favoriser-linnovation-et-la-productivite-au-sein-dun-monde-hybride","status":"publish","type":"page","link":"https:\/\/pulse.microsoft.com\/fr-ch\/sur-la-voie-de-la-nouvelle-norme-favoriser-linnovation-et-la-productivite-au-sein-dun-monde-hybride\/","title":{"rendered":"D\u00e9velopper son activit\u00e9 dans un monde du travail hybride"},"content":{"rendered":"<p>D\u00e9couvrez comment la nouvelle \u00e9tude de BCG et KRC Research peut am\u00e9liorer la productivit\u00e9, l\u2019efficacit\u00e9 et la capacit\u00e9 d\u2019innovation de votre entreprise dans une culture ax\u00e9e sur le t\u00e9l\u00e9travail.<\/p>\n","protected":false},"excerpt":{"rendered":"<p>D\u00e9couvrez comment la nouvelle \u00e9tude de BCG et KRC Research peut am\u00e9liorer la productivit\u00e9, l\u2019efficacit\u00e9 et la capacit\u00e9 d\u2019innovation de votre entreprise dans une culture ax\u00e9e sur le t\u00e9l\u00e9travail.<\/p>\n","protected":false},"author":68,"featured_media":383745,"parent":0,"menu_order":0,"comment_status":"closed","ping_status":"closed","template":"campaign.php","meta":{"footnotes":""},"class_list":["post-419801","page","type-page","status-publish","has-post-thumbnail","hentry"],"_links":{"self":[{"href":"https:\/\/pulse.microsoft.com\/fr-ch\/wp-json\/wp\/v2\/pages\/419801"}],"collection":[{"href":"https:\/\/pulse.microsoft.com\/fr-ch\/wp-json\/wp\/v2\/pages"}],"about":[{"href":"https:\/\/pulse.microsoft.com\/fr-ch\/wp-json\/wp\/v2\/types\/page"}],"author":[{"embeddable":true,"href":"https:\/\/pulse.microsoft.com\/fr-ch\/wp-json\/wp\/v2\/users\/68"}],"replies":[{"embeddable":true,"href":"https:\/\/pulse.microsoft.com\/fr-ch\/wp-json\/wp\/v2\/comments?post=419801"}],"version-history":[{"count":1,"href":"https:\/\/pulse.microsoft.com\/fr-ch\/wp-json\/wp\/v2\/pages\/419801\/revisions"}],"predecessor-version":[{"id":432816,"href":"https:\/\/pulse.microsoft.com\/fr-ch\/wp-json\/wp\/v2\/pages\/419801\/revisions\/432816"}],"wp:featuredmedia":[{"embeddable":true,"href":"https:\/\/pulse.microsoft.com\/fr-ch\/wp-json\/wp\/v2\/media\/383745"}],"wp:attachment":[{"href":"https:\/\/pulse.microsoft.com\/fr-ch\/wp-json\/wp\/v2\/media?parent=419801"}],"curies":[{"name":"wp","href":"https:\/\/api.w.org\/{rel}","templated":true}]}}