{"id":419798,"date":"2020-10-14T12:00:06","date_gmt":"2020-10-14T11:00:06","guid":{"rendered":"https:\/\/pulse.microsoft.com\/la-transition-vers-la-nouvelle-normalite-stimule-innovation-et-productivite-dans-un-monde-hybride\/"},"modified":"2021-01-27T16:08:57","modified_gmt":"2021-01-27T15:08:57","slug":"la-transition-vers-la-nouvelle-normalite-stimule-innovation-et-productivite-dans-un-monde-hybride","status":"publish","type":"page","link":"https:\/\/pulse.microsoft.com\/fr-be\/la-transition-vers-la-nouvelle-normalite-stimule-innovation-et-productivite-dans-un-monde-hybride\/","title":{"rendered":"Faire progresser votre entreprise dans le monde du travail hybride"},"content":{"rendered":"<p>D\u00e9couvrez comment votre entreprise peut devenir plus productive, plus efficace et plus innovante dans une culture de t\u00e9l\u00e9travail gr\u00e2ce \u00e0 de nouvelles recherches men\u00e9es par BCG et KRC Research.<\/p>\n","protected":false},"excerpt":{"rendered":"<p>D\u00e9couvrez comment votre entreprise peut devenir plus productive, plus efficace et plus innovante dans une culture de t\u00e9l\u00e9travail gr\u00e2ce \u00e0 de nouvelles recherches men\u00e9es par BCG et KRC Research.<\/p>\n","protected":false},"author":68,"featured_media":383742,"parent":0,"menu_order":0,"comment_status":"closed","ping_status":"closed","template":"campaign.php","meta":{"footnotes":""},"class_list":["post-419798","page","type-page","status-publish","has-post-thumbnail","hentry"],"_links":{"self":[{"href":"https:\/\/pulse.microsoft.com\/fr-be\/wp-json\/wp\/v2\/pages\/419798"}],"collection":[{"href":"https:\/\/pulse.microsoft.com\/fr-be\/wp-json\/wp\/v2\/pages"}],"about":[{"href":"https:\/\/pulse.microsoft.com\/fr-be\/wp-json\/wp\/v2\/types\/page"}],"author":[{"embeddable":true,"href":"https:\/\/pulse.microsoft.com\/fr-be\/wp-json\/wp\/v2\/users\/68"}],"replies":[{"embeddable":true,"href":"https:\/\/pulse.microsoft.com\/fr-be\/wp-json\/wp\/v2\/comments?post=419798"}],"version-history":[{"count":1,"href":"https:\/\/pulse.microsoft.com\/fr-be\/wp-json\/wp\/v2\/pages\/419798\/revisions"}],"predecessor-version":[{"id":432813,"href":"https:\/\/pulse.microsoft.com\/fr-be\/wp-json\/wp\/v2\/pages\/419798\/revisions\/432813"}],"wp:featuredmedia":[{"embeddable":true,"href":"https:\/\/pulse.microsoft.com\/fr-be\/wp-json\/wp\/v2\/media\/383742"}],"wp:attachment":[{"href":"https:\/\/pulse.microsoft.com\/fr-be\/wp-json\/wp\/v2\/media?parent=419798"}],"curies":[{"name":"wp","href":"https:\/\/api.w.org\/{rel}","templated":true}]}}