{"id":154561,"date":"2018-08-23T14:19:14","date_gmt":"2018-08-23T13:19:14","guid":{"rendered":"https:\/\/pulse.microsoft.com\/?page_id=154561"},"modified":"2018-12-11T13:41:00","modified_gmt":"2018-12-11T12:41:00","slug":"microsoft-belux-ia","status":"publish","type":"page","link":"https:\/\/pulse.microsoft.com\/fr-be\/microsoft-belux-ia\/","title":{"rendered":"Microsoft Belux et l&rsquo;IA"},"content":{"rendered":"<p>L&rsquo;innovation ne repr\u00e9sente pas la possibilit\u00e9 d&rsquo;un lendemain, elle le cr\u00e9e. D\u00e9couvrez comment Microsoft aide \u00e0 transformer les entreprises gr\u00e2ce \u00e0 l&rsquo;Intelligence Artificielle (IA).<\/p>\n","protected":false},"excerpt":{"rendered":"<p>L&rsquo;innovation ne repr\u00e9sente pas la possibilit\u00e9 d&rsquo;un lendemain, elle le cr\u00e9e. D\u00e9couvrez comment Microsoft aide \u00e0 transformer les entreprises gr\u00e2ce \u00e0 l&rsquo;Intelligence Artificielle (IA).<\/p>\n","protected":false},"author":596,"featured_media":154463,"parent":0,"menu_order":0,"comment_status":"closed","ping_status":"closed","template":"campaign.php","meta":{"footnotes":""},"class_list":["post-154561","page","type-page","status-publish","has-post-thumbnail","hentry"],"_links":{"self":[{"href":"https:\/\/pulse.microsoft.com\/fr-be\/wp-json\/wp\/v2\/pages\/154561"}],"collection":[{"href":"https:\/\/pulse.microsoft.com\/fr-be\/wp-json\/wp\/v2\/pages"}],"about":[{"href":"https:\/\/pulse.microsoft.com\/fr-be\/wp-json\/wp\/v2\/types\/page"}],"author":[{"embeddable":true,"href":"https:\/\/pulse.microsoft.com\/fr-be\/wp-json\/wp\/v2\/users\/596"}],"replies":[{"embeddable":true,"href":"https:\/\/pulse.microsoft.com\/fr-be\/wp-json\/wp\/v2\/comments?post=154561"}],"version-history":[{"count":29,"href":"https:\/\/pulse.microsoft.com\/fr-be\/wp-json\/wp\/v2\/pages\/154561\/revisions"}],"predecessor-version":[{"id":184024,"href":"https:\/\/pulse.microsoft.com\/fr-be\/wp-json\/wp\/v2\/pages\/154561\/revisions\/184024"}],"wp:featuredmedia":[{"embeddable":true,"href":"https:\/\/pulse.microsoft.com\/fr-be\/wp-json\/wp\/v2\/media\/154463"}],"wp:attachment":[{"href":"https:\/\/pulse.microsoft.com\/fr-be\/wp-json\/wp\/v2\/media?parent=154561"}],"curies":[{"name":"wp","href":"https:\/\/api.w.org\/{rel}","templated":true}]}}