{"id":975129,"date":"2025-01-07T09:15:13","date_gmt":"2025-01-07T08:15:13","guid":{"rendered":"https:\/\/pulse.microsoft.com\/?page_id=975129"},"modified":"2025-01-07T09:15:13","modified_gmt":"2025-01-07T08:15:13","slug":"microsoft-ai-tour-helsinki-kumppanit","status":"publish","type":"page","link":"https:\/\/pulse.microsoft.com\/fi-fi\/microsoft-ai-tour-helsinki-kumppanit\/","title":{"rendered":"Microsoft AI Tour Helsinki \u2013 Kumppanit"},"content":{"rendered":"<p>Microsoft AI Tour tulee Helsinkiin \u2013 k\u00e4yt\u00e4 tilaisuus hyv\u00e4ksesi ja verkostoidu tapahtuman aikana kumppaneidemme kanssa!<\/p>\n","protected":false},"excerpt":{"rendered":"<p>Microsoft AI Tour tulee Helsinkiin \u2013 k\u00e4yt\u00e4 tilaisuus hyv\u00e4ksesi ja verkostoidu tapahtuman aikana kumppaneidemme kanssa!<\/p>\n","protected":false},"author":60,"featured_media":949875,"parent":0,"menu_order":0,"comment_status":"closed","ping_status":"closed","template":"campaign.php","meta":{"footnotes":""},"class_list":["post-975129","page","type-page","status-publish","has-post-thumbnail","hentry"],"_links":{"self":[{"href":"https:\/\/pulse.microsoft.com\/fi-fi\/wp-json\/wp\/v2\/pages\/975129"}],"collection":[{"href":"https:\/\/pulse.microsoft.com\/fi-fi\/wp-json\/wp\/v2\/pages"}],"about":[{"href":"https:\/\/pulse.microsoft.com\/fi-fi\/wp-json\/wp\/v2\/types\/page"}],"author":[{"embeddable":true,"href":"https:\/\/pulse.microsoft.com\/fi-fi\/wp-json\/wp\/v2\/users\/60"}],"replies":[{"embeddable":true,"href":"https:\/\/pulse.microsoft.com\/fi-fi\/wp-json\/wp\/v2\/comments?post=975129"}],"version-history":[{"count":39,"href":"https:\/\/pulse.microsoft.com\/fi-fi\/wp-json\/wp\/v2\/pages\/975129\/revisions"}],"predecessor-version":[{"id":982961,"href":"https:\/\/pulse.microsoft.com\/fi-fi\/wp-json\/wp\/v2\/pages\/975129\/revisions\/982961"}],"wp:featuredmedia":[{"embeddable":true,"href":"https:\/\/pulse.microsoft.com\/fi-fi\/wp-json\/wp\/v2\/media\/949875"}],"wp:attachment":[{"href":"https:\/\/pulse.microsoft.com\/fi-fi\/wp-json\/wp\/v2\/media?parent=975129"}],"curies":[{"name":"wp","href":"https:\/\/api.w.org\/{rel}","templated":true}]}}