{"id":419813,"date":"2020-10-14T12:00:06","date_gmt":"2020-10-14T11:00:06","guid":{"rendered":"https:\/\/pulse.microsoft.com\/matka-uuteen-normaaliin-innovaatioiden-ja-tuottavuuden-edistaminen-etatyon-maailmassa\/"},"modified":"2021-01-27T16:08:30","modified_gmt":"2021-01-27T15:08:30","slug":"matka-uuteen-normaaliin-innovaatioiden-ja-tuottavuuden-edistaminen-etatyon-maailmassa","status":"publish","type":"page","link":"https:\/\/pulse.microsoft.com\/fi-fi\/matka-uuteen-normaaliin-innovaatioiden-ja-tuottavuuden-edistaminen-etatyon-maailmassa\/","title":{"rendered":"Liiketoiminnan edist\u00e4minen hybridity\u00f6n maailmassa"},"content":{"rendered":"<p>Tutustu BCG:n ja KRC Researchin uuden tutkimuksen avulla siihen, miten yrityksesi voi kehitty\u00e4 tuottavammaksi, tehokkaammaksi ja innovatiivisemmaksi et\u00e4ty\u00f6painotteisessa kulttuurissa.<\/p>\n","protected":false},"excerpt":{"rendered":"<p>Tutustu BCG:n ja KRC Researchin uuden tutkimuksen avulla siihen, miten yrityksesi voi kehitty\u00e4 tuottavammaksi, tehokkaammaksi ja innovatiivisemmaksi et\u00e4ty\u00f6painotteisessa kulttuurissa.<\/p>\n","protected":false},"author":68,"featured_media":383739,"parent":0,"menu_order":0,"comment_status":"closed","ping_status":"closed","template":"campaign.php","meta":{"footnotes":""},"class_list":["post-419813","page","type-page","status-publish","has-post-thumbnail","hentry"],"_links":{"self":[{"href":"https:\/\/pulse.microsoft.com\/fi-fi\/wp-json\/wp\/v2\/pages\/419813"}],"collection":[{"href":"https:\/\/pulse.microsoft.com\/fi-fi\/wp-json\/wp\/v2\/pages"}],"about":[{"href":"https:\/\/pulse.microsoft.com\/fi-fi\/wp-json\/wp\/v2\/types\/page"}],"author":[{"embeddable":true,"href":"https:\/\/pulse.microsoft.com\/fi-fi\/wp-json\/wp\/v2\/users\/68"}],"replies":[{"embeddable":true,"href":"https:\/\/pulse.microsoft.com\/fi-fi\/wp-json\/wp\/v2\/comments?post=419813"}],"version-history":[{"count":1,"href":"https:\/\/pulse.microsoft.com\/fi-fi\/wp-json\/wp\/v2\/pages\/419813\/revisions"}],"predecessor-version":[{"id":432810,"href":"https:\/\/pulse.microsoft.com\/fi-fi\/wp-json\/wp\/v2\/pages\/419813\/revisions\/432810"}],"wp:featuredmedia":[{"embeddable":true,"href":"https:\/\/pulse.microsoft.com\/fi-fi\/wp-json\/wp\/v2\/media\/383739"}],"wp:attachment":[{"href":"https:\/\/pulse.microsoft.com\/fi-fi\/wp-json\/wp\/v2\/media?parent=419813"}],"curies":[{"name":"wp","href":"https:\/\/api.w.org\/{rel}","templated":true}]}}