{"id":154818,"date":"2018-08-20T13:43:10","date_gmt":"2018-08-20T12:43:10","guid":{"rendered":"https:\/\/pulse.microsoft.com\/?page_id=154818"},"modified":"2019-04-18T11:01:20","modified_gmt":"2019-04-18T10:01:20","slug":"suomen-tulevaisuus-nyt","status":"publish","type":"page","link":"https:\/\/pulse.microsoft.com\/fi-fi\/suomen-tulevaisuus-nyt\/","title":{"rendered":"Suomen Tulevaisuus Nyt"},"content":{"rendered":"<p>Olemme rakentaneet Suomelle teko\u00e4lyohjelman Suomen Tulevaisuus Nyt, jonka avulla haluamme ratkoa yhteiskunnallisia haasteita, kiihdytt\u00e4\u00e4 talouskasvua ja vahvistaa suomalaisten teko\u00e4lyosaamista.<\/p>\n<p>Tavoitteenamme on auttaa <strong>kahta miljoonaa<\/strong> suomalaista n\u00e4kem\u00e4\u00e4n ja kokemaan teko\u00e4lyn mahdollisuudet vuoteen <strong>2020<\/strong> menness\u00e4. Samaan aikaan aiomme kouluttaa Suomeen<strong> 20\u00a0000<\/strong> uutta teko\u00e4lyosaajaa.<\/p>\n","protected":false},"excerpt":{"rendered":"<p>Olemme rakentaneet Suomelle teko\u00e4lyohjelman Suomen Tulevaisuus Nyt, jonka avulla haluamme ratkoa yhteiskunnallisia haasteita, kiihdytt\u00e4\u00e4 talouskasvua ja vahvistaa suomalaisten teko\u00e4lyosaamista. Tavoitteenamme on auttaa kahta miljoonaa suomalaista n\u00e4kem\u00e4\u00e4n ja kokemaan teko\u00e4lyn mahdollisuudet vuoteen 2020 menness\u00e4. Samaan aikaan aiomme kouluttaa Suomeen 20\u00a0000 uutta teko\u00e4lyosaajaa.<\/p>\n","protected":false},"author":60,"featured_media":188690,"parent":0,"menu_order":0,"comment_status":"closed","ping_status":"closed","template":"campaign.php","meta":{"footnotes":""},"class_list":["post-154818","page","type-page","status-publish","has-post-thumbnail","hentry"],"_links":{"self":[{"href":"https:\/\/pulse.microsoft.com\/fi-fi\/wp-json\/wp\/v2\/pages\/154818"}],"collection":[{"href":"https:\/\/pulse.microsoft.com\/fi-fi\/wp-json\/wp\/v2\/pages"}],"about":[{"href":"https:\/\/pulse.microsoft.com\/fi-fi\/wp-json\/wp\/v2\/types\/page"}],"author":[{"embeddable":true,"href":"https:\/\/pulse.microsoft.com\/fi-fi\/wp-json\/wp\/v2\/users\/60"}],"replies":[{"embeddable":true,"href":"https:\/\/pulse.microsoft.com\/fi-fi\/wp-json\/wp\/v2\/comments?post=154818"}],"version-history":[{"count":26,"href":"https:\/\/pulse.microsoft.com\/fi-fi\/wp-json\/wp\/v2\/pages\/154818\/revisions"}],"predecessor-version":[{"id":198365,"href":"https:\/\/pulse.microsoft.com\/fi-fi\/wp-json\/wp\/v2\/pages\/154818\/revisions\/198365"}],"wp:featuredmedia":[{"embeddable":true,"href":"https:\/\/pulse.microsoft.com\/fi-fi\/wp-json\/wp\/v2\/media\/188690"}],"wp:attachment":[{"href":"https:\/\/pulse.microsoft.com\/fi-fi\/wp-json\/wp\/v2\/media?parent=154818"}],"curies":[{"name":"wp","href":"https:\/\/api.w.org\/{rel}","templated":true}]}}