{"id":412399,"date":"2020-12-15T15:52:43","date_gmt":"2020-12-15T14:52:43","guid":{"rendered":"https:\/\/pulse.microsoft.com\/?page_id=412399"},"modified":"2025-07-23T09:39:11","modified_gmt":"2025-07-23T08:39:11","slug":"experiencias-aplicaciones-de-negocio","status":"publish","type":"page","link":"https:\/\/pulse.microsoft.com\/es-es\/experiencias-aplicaciones-de-negocio\/","title":{"rendered":"Experiencias de Aplicaciones de Negocio"},"content":{"rendered":"<p>Ahora m\u00e1s que nunca, la tecnolog\u00eda es imprescindible en las actividades empresariales. En Microsoft hemos tenido la oportunidad de acompa\u00f1ar a muchos clientes, de todos los tama\u00f1os y sectores, en sus procesos de transformaci\u00f3n para adaptarse a un entorno altamente cambiante.<\/p>\n","protected":false},"excerpt":{"rendered":"<p>Ahora m\u00e1s que nunca, la tecnolog\u00eda es imprescindible en las actividades empresariales. En Microsoft hemos tenido la oportunidad de acompa\u00f1ar a muchos clientes, de todos los tama\u00f1os y sectores, en sus procesos de transformaci\u00f3n para adaptarse a un entorno altamente cambiante.<\/p>\n","protected":false},"author":73,"featured_media":864137,"parent":0,"menu_order":0,"comment_status":"closed","ping_status":"closed","template":"campaign.php","meta":{"footnotes":""},"class_list":["post-412399","page","type-page","status-publish","has-post-thumbnail","hentry"],"_links":{"self":[{"href":"https:\/\/pulse.microsoft.com\/es-es\/wp-json\/wp\/v2\/pages\/412399"}],"collection":[{"href":"https:\/\/pulse.microsoft.com\/es-es\/wp-json\/wp\/v2\/pages"}],"about":[{"href":"https:\/\/pulse.microsoft.com\/es-es\/wp-json\/wp\/v2\/types\/page"}],"author":[{"embeddable":true,"href":"https:\/\/pulse.microsoft.com\/es-es\/wp-json\/wp\/v2\/users\/73"}],"replies":[{"embeddable":true,"href":"https:\/\/pulse.microsoft.com\/es-es\/wp-json\/wp\/v2\/comments?post=412399"}],"version-history":[{"count":45,"href":"https:\/\/pulse.microsoft.com\/es-es\/wp-json\/wp\/v2\/pages\/412399\/revisions"}],"predecessor-version":[{"id":960322,"href":"https:\/\/pulse.microsoft.com\/es-es\/wp-json\/wp\/v2\/pages\/412399\/revisions\/960322"}],"wp:featuredmedia":[{"embeddable":true,"href":"https:\/\/pulse.microsoft.com\/es-es\/wp-json\/wp\/v2\/media\/864137"}],"wp:attachment":[{"href":"https:\/\/pulse.microsoft.com\/es-es\/wp-json\/wp\/v2\/media?parent=412399"}],"curies":[{"name":"wp","href":"https:\/\/api.w.org\/{rel}","templated":true}]}}