{"id":696048,"date":"2022-05-30T13:39:46","date_gmt":"2022-05-30T12:39:46","guid":{"rendered":"https:\/\/pulse.microsoft.com\/?page_id=696048"},"modified":"2023-03-23T12:51:15","modified_gmt":"2023-03-23T11:51:15","slug":"azure-infrastructure-workshops","status":"publish","type":"page","link":"https:\/\/pulse.microsoft.com\/da-dk\/azure-infrastructure-workshops\/","title":{"rendered":"Azure Infrastructure Immersion Discover Workshops Danmark"},"content":{"rendered":"<p>Udvid din ekspertise og viden indenfor Microsoft Azure Infrastruktur, gennem en blanding af l\u00e6rerige og praktiske immersion Discover Workshops. V\u00e6lg mellem 4 emner: Azure Virtual Desktop, Hybrid Cloud Solution, Infrastructure Migration og Cloud Adoption Framework. Gratis deltagelse.<\/p>\n<p><a href=\"https:\/\/pulse.microsoft.com\/da-dk\/microsoft-azure-workshops\/\">Azure Infrastructure Workshops<\/a> er skr\u00e6ddersyet til at hj\u00e6lpe dig med at udvide din ekspertise indenfor Microsoft Azure-teknologier og \u2013 innovationer. Oplev funktionerne og mulighederne ved <a href=\"https:\/\/azure.microsoft.com\/da-dk\/\">Microsoft Azure<\/a> gennem en blanding af l\u00e6rerige og praktiske workshops. Deltagelse er gratis. Afholdes virtuelt.<\/p>\n<p>Azure Infrastructure workshops er for dig der er interesseret I at uddybe din viden indenfor:<\/p>\n<ul>\n<li>Azure Virtual Desktop<\/li>\n<li>Hybrid Cloud Solution<\/li>\n<li>Infrastructure Migration<\/li>\n<li>Cloud Adoption Framework<\/li>\n<\/ul>\n<p>Varighed: 2-6 timer.<\/p>\n<p>Alle Microsoft Azure Infrastructure Workshops afholdes i samarbejde med Microsoft-certificerede partnere.<\/p>\n<hr \/>\n<p>Vi har et bredt udvalgt af Microsoft Azure Infrastructure Workshop. Du kan finde workshops b\u00e5de til nybegyndere og erfarne.<\/p>\n<p>Microsoft Azure Discover Workshop er delt op i 3 teamer:<\/p>\n<ul>\n<li><a href=\"https:\/\/pulse.microsoft.com\/da-dk\/azure-infrastructure-workshops\/\">Infrastructure<\/a><\/li>\n<li><a href=\"https:\/\/pulse.microsoft.com\/da-dk\/azure-data-ai-workshops\/\">Data and AI<\/a><\/li>\n<li><a href=\"https:\/\/pulse.microsoft.com\/da-dk\/digital-og-app-innovation-workshop\/\">Digital and App Innovation<\/a><\/li>\n<\/ul>\n<p>Ved deltagelse p\u00e5 en Discover workshop kan du forvente at f\u00e5:<\/p>\n<ul>\n<li>Et bredere overblik over dine forretningsm\u00e6ssige udfordringer.<\/li>\n<li>En dybere forst\u00e5else af hvordan Microsoft teknologier kan hj\u00e6lpe dig med at forbedre medarbejderproduktivitet.<\/li>\n<\/ul>\n<hr \/>\n<p>Discover Workshop indeholder praktiske \u00f8velser, hvor du kan opleve, afpr\u00f8ve og teste hvordan den rigtige Microsoft teknologi kan hj\u00e6lpe dig med at drive digital transformering og give dig bedre forretningsindsigt i din organisation.<\/p>\n<p>Slip dit teams fulde potentiale l\u00f8s, og udforsk nye muligheder for succes! Microsoft Discover Workshop er en fantastisk m\u00e5de at f\u00e5 praktisk erfaring med forskellige Microsoft-produkter og -tjenester, der er tilpasset dine egne behov og interesser.<\/p>\n<p>Deltagelse er gratis og hver workshop er har en varighed mellem 2-6 timer. Vi tilbyder workshops enten virtuelt p\u00e5 Teams eller fysisk.<\/p>\n<p>&nbsp;<\/p>\n","protected":false},"excerpt":{"rendered":"<p>Udvid din ekspertise og viden indenfor Microsoft Azure Infrastruktur, gennem en blanding af l\u00e6rerige og praktiske immersion Discover Workshops. V\u00e6lg mellem 4 emner: Azure Virtual Desktop, Hybrid Cloud Solution, Infrastructure Migration og Cloud Adoption Framework. Gratis deltagelse. Azure Infrastructure Workshops er skr\u00e6ddersyet til at hj\u00e6lpe dig med at udvide din ekspertise indenfor Microsoft Azure-teknologier og [&hellip;]<\/p>\n","protected":false},"author":625,"featured_media":651269,"parent":0,"menu_order":0,"comment_status":"closed","ping_status":"closed","template":"campaign.php","meta":{"footnotes":""},"class_list":["post-696048","page","type-page","status-publish","has-post-thumbnail","hentry"],"_links":{"self":[{"href":"https:\/\/pulse.microsoft.com\/da-dk\/wp-json\/wp\/v2\/pages\/696048"}],"collection":[{"href":"https:\/\/pulse.microsoft.com\/da-dk\/wp-json\/wp\/v2\/pages"}],"about":[{"href":"https:\/\/pulse.microsoft.com\/da-dk\/wp-json\/wp\/v2\/types\/page"}],"author":[{"embeddable":true,"href":"https:\/\/pulse.microsoft.com\/da-dk\/wp-json\/wp\/v2\/users\/625"}],"replies":[{"embeddable":true,"href":"https:\/\/pulse.microsoft.com\/da-dk\/wp-json\/wp\/v2\/comments?post=696048"}],"version-history":[{"count":39,"href":"https:\/\/pulse.microsoft.com\/da-dk\/wp-json\/wp\/v2\/pages\/696048\/revisions"}],"predecessor-version":[{"id":814088,"href":"https:\/\/pulse.microsoft.com\/da-dk\/wp-json\/wp\/v2\/pages\/696048\/revisions\/814088"}],"wp:featuredmedia":[{"embeddable":true,"href":"https:\/\/pulse.microsoft.com\/da-dk\/wp-json\/wp\/v2\/media\/651269"}],"wp:attachment":[{"href":"https:\/\/pulse.microsoft.com\/da-dk\/wp-json\/wp\/v2\/media?parent=696048"}],"curies":[{"name":"wp","href":"https:\/\/api.w.org\/{rel}","templated":true}]}}