{"id":695853,"date":"2022-05-30T10:57:50","date_gmt":"2022-05-30T09:57:50","guid":{"rendered":"https:\/\/pulse.microsoft.com\/?page_id=695853"},"modified":"2023-02-28T12:17:00","modified_gmt":"2023-02-28T11:17:00","slug":"business-application-workshops","status":"publish","type":"page","link":"https:\/\/pulse.microsoft.com\/da-dk\/business-application-workshops\/","title":{"rendered":"Microsoft Business Application Discover Workshops Danmark"},"content":{"rendered":"<p><a href=\"https:\/\/pulse.microsoft.com\/da-dk\/business-application-workshops\/\">Microsoft Business Application Discover Workshops<\/a> er interaktive og eksklusive sessioner, hvor du kan opleve mulighederne og funktioner ved <a href=\"https:\/\/dynamics.microsoft.com\/da-dk\/\">Business Application<\/a>\u2019s integrerede tjenester, der giver specialbyggede apps til at hj\u00e6lpe dig med at administrere dine forretningsfunktioner mere effektivt.<\/p>\n<p>F\u00e5 mere at vide om Dynamics 365&#8217;s portf\u00f8lje af intelligente forretningsprogrammer, der giver mulighed for at levere driftsm\u00e6ssig ekspertise og skabe mere engagerende kundeoplevelser. Microsoft Business Applications er skabt til at arbejde sammen, ogs\u00e5 med dine eksisterende systemer.<\/p>\n<p>Deltagelse er gratis.<\/p>\n<p>Alle Discover workshops afholdes enten virtuelt p\u00e5 Teams eller fysisk.<\/p>\n<p>Alle Microsoft Business Application Discover Workshops afholdes i samarbejde med Microsoft partnere.<\/p>\n<p>Business Application Discover Workshops er designet til at introducere og hj\u00e6lpe dig med hvordan du kan bruge Mircosoft Dynamics 365 til at forbinde hele din virksomhed.<\/p>\n<hr \/>\n<p>Discover Workshop indeholder praktiske \u00f8velser, hvor du kan opleve, afpr\u00f8ve og teste hvordan den rigtige Microsoft teknologi kan hj\u00e6lpe dig med at drive digital transformering og give dig bedre forretningsindsigt i din organisation.<\/p>\n<p>Slip dit teams fulde potentiale l\u00f8s, og udforsk nye muligheder for succes! Microsoft Discover Workshop er en fantastisk m\u00e5de at f\u00e5 praktisk erfaring med forskellige Microsoft-produkter og -tjenester, der er tilpasset dine egne behov og interesser.<\/p>\n<p>Deltagelse er gratis og hver workshop har en varighed mellem 2-6 timer. Vi tilbyder workshops enten virtuelt p\u00e5 Teams eller fysisk.<\/p>\n","protected":false},"excerpt":{"rendered":"<p>Microsoft Business Application Discover Workshops er interaktive og eksklusive sessioner, hvor du kan opleve mulighederne og funktioner ved Business Application\u2019s integrerede tjenester, der giver specialbyggede apps til at hj\u00e6lpe dig med at administrere dine forretningsfunktioner mere effektivt. F\u00e5 mere at vide om Dynamics 365&#8217;s portf\u00f8lje af intelligente forretningsprogrammer, der giver mulighed for at levere driftsm\u00e6ssig [&hellip;]<\/p>\n","protected":false},"author":625,"featured_media":681601,"parent":0,"menu_order":0,"comment_status":"closed","ping_status":"closed","template":"campaign.php","meta":{"footnotes":""},"class_list":["post-695853","page","type-page","status-publish","has-post-thumbnail","hentry"],"_links":{"self":[{"href":"https:\/\/pulse.microsoft.com\/da-dk\/wp-json\/wp\/v2\/pages\/695853"}],"collection":[{"href":"https:\/\/pulse.microsoft.com\/da-dk\/wp-json\/wp\/v2\/pages"}],"about":[{"href":"https:\/\/pulse.microsoft.com\/da-dk\/wp-json\/wp\/v2\/types\/page"}],"author":[{"embeddable":true,"href":"https:\/\/pulse.microsoft.com\/da-dk\/wp-json\/wp\/v2\/users\/625"}],"replies":[{"embeddable":true,"href":"https:\/\/pulse.microsoft.com\/da-dk\/wp-json\/wp\/v2\/comments?post=695853"}],"version-history":[{"count":46,"href":"https:\/\/pulse.microsoft.com\/da-dk\/wp-json\/wp\/v2\/pages\/695853\/revisions"}],"predecessor-version":[{"id":803714,"href":"https:\/\/pulse.microsoft.com\/da-dk\/wp-json\/wp\/v2\/pages\/695853\/revisions\/803714"}],"wp:featuredmedia":[{"embeddable":true,"href":"https:\/\/pulse.microsoft.com\/da-dk\/wp-json\/wp\/v2\/media\/681601"}],"wp:attachment":[{"href":"https:\/\/pulse.microsoft.com\/da-dk\/wp-json\/wp\/v2\/media?parent=695853"}],"curies":[{"name":"wp","href":"https:\/\/api.w.org\/{rel}","templated":true}]}}