{"id":695622,"date":"2022-05-27T17:03:56","date_gmt":"2022-05-27T16:03:56","guid":{"rendered":"https:\/\/pulse.microsoft.com\/?page_id=695622"},"modified":"2023-03-23T13:19:08","modified_gmt":"2023-03-23T12:19:08","slug":"microsoft-365-workshops","status":"publish","type":"page","link":"https:\/\/pulse.microsoft.com\/da-dk\/microsoft-365-workshops\/","title":{"rendered":"Microsoft 365 Modern Work Discover Workshops Danmark"},"content":{"rendered":"<p><a href=\"https:\/\/pulse.microsoft.com\/da-dk\/m365-workshops\/\">Microsoft 365 Discover Workshops<\/a> er interaktive og eksklusive sessioner, der er designet til at introducere og hj\u00e6lpe dig med at opn\u00e5 mere med <a href=\"https:\/\/www.microsoft.com\/da-dk\/microsoft-365\">Microsoft Modern Work teknologier<\/a>, intelligente cloudtjenester og innovative office-apps. Oplev mulighederne med M365. Deltagelse er gratis. Hver workshop har en varighed mellem 2-4 timer. Vi tilbyder workshops enten virtuelt p\u00e5 Teams eller fysisk.<\/p>\n<p>Microsoft 365 Discover Workshops giver dig mulighed for at opleve hvordan Microsoft-produkter, -enheder og -l\u00f8sninger fungere. Oplev hvordan du bedst kan implementer Microsoft teknologier til at optimere din organisation.<\/p>\n<p>Du kan udvide din ekspertise indenfor 4 forskellige Microsoft 365 Discover Workshops:<\/p>\n<ul>\n<li>Viva<\/li>\n<li>Temas<\/li>\n<li>Surface<\/li>\n<li>Frontline Workers<\/li>\n<\/ul>\n<hr \/>\n<p>Discover Workshop indeholder praktiske \u00f8velser, hvor du kan opleve, afpr\u00f8ve og teste hvordan den rigtige Microsoft teknologi kan hj\u00e6lpe dig med at drive digital transformering og give dig bedre forretningsindsigt i din organisation.<\/p>\n<p>Slip dit teams fulde potentiale l\u00f8s, og udforsk nye muligheder for succes! Discover Workshop er en fantastisk m\u00e5de at f\u00e5 praktisk erfaring med forskellige Microsoft-produkter og -tjenester, der er tilpasset dine egne behov og interesser.<\/p>\n<p>Ved deltagelse p\u00e5 en Discover workshop kan du forvente at f\u00e5:<\/p>\n<ul>\n<li>Et bredere overblik over dine forretningsm\u00e6ssige udfordringer.<\/li>\n<li>En dybere forst\u00e5else af hvordan Microsoft teknologier kan hj\u00e6lpe dig med at forbedre medarbejderproduktivitet.<\/li>\n<\/ul>\n<p>Discover Workshops er ikke som den typiske demo!<\/p>\n","protected":false},"excerpt":{"rendered":"<p>Microsoft 365 Discover Workshops er interaktive og eksklusive sessioner, der er designet til at introducere og hj\u00e6lpe dig med at opn\u00e5 mere med Microsoft Modern Work teknologier, intelligente cloudtjenester og innovative office-apps. Oplev mulighederne med M365. Deltagelse er gratis. Hver workshop har en varighed mellem 2-4 timer. Vi tilbyder workshops enten virtuelt p\u00e5 Teams eller [&hellip;]<\/p>\n","protected":false},"author":625,"featured_media":440617,"parent":0,"menu_order":0,"comment_status":"closed","ping_status":"closed","template":"campaign.php","meta":{"footnotes":""},"class_list":["post-695622","page","type-page","status-publish","has-post-thumbnail","hentry"],"_links":{"self":[{"href":"https:\/\/pulse.microsoft.com\/da-dk\/wp-json\/wp\/v2\/pages\/695622"}],"collection":[{"href":"https:\/\/pulse.microsoft.com\/da-dk\/wp-json\/wp\/v2\/pages"}],"about":[{"href":"https:\/\/pulse.microsoft.com\/da-dk\/wp-json\/wp\/v2\/types\/page"}],"author":[{"embeddable":true,"href":"https:\/\/pulse.microsoft.com\/da-dk\/wp-json\/wp\/v2\/users\/625"}],"replies":[{"embeddable":true,"href":"https:\/\/pulse.microsoft.com\/da-dk\/wp-json\/wp\/v2\/comments?post=695622"}],"version-history":[{"count":53,"href":"https:\/\/pulse.microsoft.com\/da-dk\/wp-json\/wp\/v2\/pages\/695622\/revisions"}],"predecessor-version":[{"id":814205,"href":"https:\/\/pulse.microsoft.com\/da-dk\/wp-json\/wp\/v2\/pages\/695622\/revisions\/814205"}],"wp:featuredmedia":[{"embeddable":true,"href":"https:\/\/pulse.microsoft.com\/da-dk\/wp-json\/wp\/v2\/media\/440617"}],"wp:attachment":[{"href":"https:\/\/pulse.microsoft.com\/da-dk\/wp-json\/wp\/v2\/media?parent=695622"}],"curies":[{"name":"wp","href":"https:\/\/api.w.org\/{rel}","templated":true}]}}