{"id":622503,"date":"2022-02-06T17:00:48","date_gmt":"2022-02-06T16:00:48","guid":{"rendered":"https:\/\/pulse.microsoft.com\/?page_id=622503"},"modified":"2022-10-13T08:43:09","modified_gmt":"2022-10-13T07:43:09","slug":"microsoft-azure-workshops","status":"publish","type":"page","link":"https:\/\/pulse.microsoft.com\/da-dk\/microsoft-azure-workshops\/","title":{"rendered":"Microsoft Azure Immersion og Discover Workshops Danmark"},"content":{"rendered":"<p class=\"intro\"><a href=\"https:\/\/pulse.microsoft.com\/da-dk\/microsoft-azure-workshops\/\">Discover Workshops<\/a> er ikke som den typiske demo!<br \/>\nAlle workshops er skr\u00e6ddersyet til at hj\u00e6lpe dig med at udvide din ekspertise indenfor Microsoft Azure-teknologier og \u2013 innovationer. Opdag mulighederne ved <a href=\"https:\/\/azure.microsoft.com\/da-dk\/\">Microsoft Azure<\/a> gennem en blanding af l\u00e6rerige og praktiske workshops. Deltagelse er gratis.<\/p>\n<p>Alle Microsoft Azure Immersion Discover Workshops afholdes i samarbejde med Microsoft-certificerede partnere.<\/p>\n<p>&nbsp;<\/p>\n<hr \/>\n<p>Microsoft Azure Discover Workshop er innovative, fordybende og interaktive workshops. De giver dig mulighed for at opleve hvordan Microsoft-produkter, -enheder og -l\u00f8sninger fungere. Oplev hvordan du bedst kan implementer Microsoft teknologier til at optimere din organisation.<\/p>\n<p>Vi har et bredt udvalgt af Microsoft Azure Discover Workshop. Du kan finde workshops b\u00e5de til nybegyndere og erfarne.<\/p>\n<p>Microsoft Azure Discover Workshop er delt op i 3 teamer:<\/p>\n<ul>\n<li><a href=\"https:\/\/pulse.microsoft.com\/da-dk\/azure-infrastructure-workshops\/\">Infrastructure<\/a><\/li>\n<li><a href=\"https:\/\/pulse.microsoft.com\/da-dk\/azure-data-ai-workshops\/\">Data and AI<\/a><\/li>\n<li><a href=\"https:\/\/pulse.microsoft.com\/da-dk\/digital-og-app-innovation-workshop\/\">Digital and App Innovation<\/a><\/li>\n<\/ul>\n<p>Ved deltagelse p\u00e5 en Discover workshop kan du forvente at f\u00e5:<\/p>\n<ul>\n<li>Et bredere overblik over dine forretningsm\u00e6ssige udfordringer.<\/li>\n<li>En dybere forst\u00e5else af hvordan Microsoft teknologier kan hj\u00e6lpe dig med at forbedre medarbejderproduktivitet.<\/li>\n<\/ul>\n<hr \/>\n<p>Discover Workshop indeholder praktiske \u00f8velser, hvor du kan opleve, afpr\u00f8ve og teste hvordan den rigtige Microsoft teknologi kan hj\u00e6lpe dig med at drive digital transformering og give dig bedre forretningsindsigt i din organisation.<\/p>\n<p>Slip dit teams fulde potentiale l\u00f8s, og udforsk nye muligheder for succes! Microsoft Discover Workshop er en fantastisk m\u00e5de at f\u00e5 praktisk erfaring med forskellige Microsoft-produkter og -tjenester, der er tilpasset dine egne behov og interesser.<\/p>\n<p>Deltagelse er gratis og hver workshop har en varighed mellem 2-6 timer. Vi tilbyder workshops enten virtuelt p\u00e5 Teams eller fysisk.<\/p>\n","protected":false},"excerpt":{"rendered":"<p>Discover Workshops er ikke som den typiske demo! Alle workshops er skr\u00e6ddersyet til at hj\u00e6lpe dig med at udvide din ekspertise indenfor Microsoft Azure-teknologier og \u2013 innovationer. Opdag mulighederne ved Microsoft Azure gennem en blanding af l\u00e6rerige og praktiske workshops. Deltagelse er gratis. Alle Microsoft Azure Immersion Discover Workshops afholdes i samarbejde med Microsoft-certificerede partnere. [&hellip;]<\/p>\n","protected":false},"author":625,"featured_media":604820,"parent":0,"menu_order":0,"comment_status":"closed","ping_status":"closed","template":"campaign.php","meta":{"footnotes":""},"class_list":["post-622503","page","type-page","status-publish","has-post-thumbnail","hentry"],"_links":{"self":[{"href":"https:\/\/pulse.microsoft.com\/da-dk\/wp-json\/wp\/v2\/pages\/622503"}],"collection":[{"href":"https:\/\/pulse.microsoft.com\/da-dk\/wp-json\/wp\/v2\/pages"}],"about":[{"href":"https:\/\/pulse.microsoft.com\/da-dk\/wp-json\/wp\/v2\/types\/page"}],"author":[{"embeddable":true,"href":"https:\/\/pulse.microsoft.com\/da-dk\/wp-json\/wp\/v2\/users\/625"}],"replies":[{"embeddable":true,"href":"https:\/\/pulse.microsoft.com\/da-dk\/wp-json\/wp\/v2\/comments?post=622503"}],"version-history":[{"count":64,"href":"https:\/\/pulse.microsoft.com\/da-dk\/wp-json\/wp\/v2\/pages\/622503\/revisions"}],"predecessor-version":[{"id":744166,"href":"https:\/\/pulse.microsoft.com\/da-dk\/wp-json\/wp\/v2\/pages\/622503\/revisions\/744166"}],"wp:featuredmedia":[{"embeddable":true,"href":"https:\/\/pulse.microsoft.com\/da-dk\/wp-json\/wp\/v2\/media\/604820"}],"wp:attachment":[{"href":"https:\/\/pulse.microsoft.com\/da-dk\/wp-json\/wp\/v2\/media?parent=622503"}],"curies":[{"name":"wp","href":"https:\/\/api.w.org\/{rel}","templated":true}]}}