{"id":224067,"date":"2019-03-06T16:31:42","date_gmt":"2019-03-06T15:31:42","guid":{"rendered":"https:\/\/pulse.microsoft.com\/?page_id=224067"},"modified":"2019-04-18T10:56:21","modified_gmt":"2019-04-18T09:56:21","slug":"microsoft-hylder-kvinder-i-tech","status":"publish","type":"page","link":"https:\/\/pulse.microsoft.com\/da-dk\/microsoft-hylder-kvinder-i-tech\/","title":{"rendered":"Microsoft hylder kvinder i tech"},"content":{"rendered":"<p>Kun 1 procent af for\u00e6ldre tror, at piger har st\u00f8rre interesse for teknologi og IT end drenge. Det viser en ny <a href=\"https:\/\/dea.nu\/sites\/dea.nu\/files\/stem_0.pdf\">analyse fra DEA.\u00a0<\/a><\/p>\n<p>Der er brug for at f\u00e5 de inspirerende kvinder i tech frem i lyset, s\u00e5 b\u00e5de for\u00e6ldre og b\u00f8rn kan forestille sig en sp\u00e6ndende fremtid med tech.<\/p>\n<p>Vi har samlet interview med fem inspirerende kvinder, som vi hylder gennem vores kampagne #SurfaceTheWomen.<\/p>\n<p>&nbsp;<\/p>\n","protected":false},"excerpt":{"rendered":"<p>Kun 1 procent af for\u00e6ldre tror, at piger har st\u00f8rre interesse for teknologi og IT end drenge. Det viser en ny analyse fra DEA.\u00a0 Der er brug for at f\u00e5 de inspirerende kvinder i tech frem i lyset, s\u00e5 b\u00e5de for\u00e6ldre og b\u00f8rn kan forestille sig en sp\u00e6ndende fremtid med tech. Vi har samlet interview [&hellip;]<\/p>\n","protected":false},"author":473,"featured_media":224244,"parent":0,"menu_order":0,"comment_status":"closed","ping_status":"closed","template":"campaign.php","meta":{"footnotes":""},"class_list":["post-224067","page","type-page","status-publish","has-post-thumbnail","hentry"],"_links":{"self":[{"href":"https:\/\/pulse.microsoft.com\/da-dk\/wp-json\/wp\/v2\/pages\/224067"}],"collection":[{"href":"https:\/\/pulse.microsoft.com\/da-dk\/wp-json\/wp\/v2\/pages"}],"about":[{"href":"https:\/\/pulse.microsoft.com\/da-dk\/wp-json\/wp\/v2\/types\/page"}],"author":[{"embeddable":true,"href":"https:\/\/pulse.microsoft.com\/da-dk\/wp-json\/wp\/v2\/users\/473"}],"replies":[{"embeddable":true,"href":"https:\/\/pulse.microsoft.com\/da-dk\/wp-json\/wp\/v2\/comments?post=224067"}],"version-history":[{"count":5,"href":"https:\/\/pulse.microsoft.com\/da-dk\/wp-json\/wp\/v2\/pages\/224067\/revisions"}],"predecessor-version":[{"id":224436,"href":"https:\/\/pulse.microsoft.com\/da-dk\/wp-json\/wp\/v2\/pages\/224067\/revisions\/224436"}],"wp:featuredmedia":[{"embeddable":true,"href":"https:\/\/pulse.microsoft.com\/da-dk\/wp-json\/wp\/v2\/media\/224244"}],"wp:attachment":[{"href":"https:\/\/pulse.microsoft.com\/da-dk\/wp-json\/wp\/v2\/media?parent=224067"}],"curies":[{"name":"wp","href":"https:\/\/api.w.org\/{rel}","templated":true}]}}